{"id":9689,"date":"2025-05-30T11:43:30","date_gmt":"2025-05-30T11:43:30","guid":{"rendered":"https:\/\/portal.aepjm.pt\/?page_id=9689"},"modified":"2025-05-30T12:00:16","modified_gmt":"2025-05-30T12:00:16","slug":"avaliacao-do-agrupamento-2024-2025","status":"publish","type":"page","link":"https:\/\/portal.aepjm.pt\/?page_id=9689","title":{"rendered":"Avalia\u00e7\u00e3o do Agrupamento \u2013 2024\/2025"},"content":{"rendered":"\n<p class=\"has-text-color has-background\" style=\"color:#3d3c3c;background-color:#e1f8c2;font-size:18px\"><strong>Avalia\u00e7\u00e3o Diagn\u00f3stica &#8211; Relat\u00f3rio de Monitoriza\u00e7\u00e3o do 1.\u00ba Per\u00edodo <\/strong>(<a href=\"https:\/\/portal.aepjm.pt\/wp-content\/uploads\/2025\/04\/Relatorio_Monotorizacao_1P_24_25_17mar.pdf\" data-type=\"link\" data-id=\"https:\/\/portal.aepjm.pt\/wp-content\/uploads\/2025\/04\/Relatorio_Monotorizacao_1P_24_25_17mar.pdf\" target=\"_blank\" rel=\"noreferrer noopener\">Consulte aqui<\/a><a href=\"http:\/\/aepjm.pt\/AEPJM2022_2023\/Relatorio_Monotorizacao_1P_22_23.pdf\" data-type=\"URL\" data-id=\"aepjm.pt\/AEPJM2022_2023\/Relatorio_Monotorizacao_1P_22_23.pdf\" target=\"_blank\" rel=\"noreferrer noopener\">)<\/a><\/p>\n\n\n\n<p class=\"has-text-color has-background\" style=\"color:#363535;background-color:#95eacb;font-size:18px\"><strong><strong>Avalia\u00e7\u00e3o Diagn\u00f3stica &#8211; Relat\u00f3rio de Monitoriza\u00e7\u00e3o do 2.\u00ba Per\u00edodo<\/strong><\/strong> (<a href=\"https:\/\/portal.aepjm.pt\/wp-content\/uploads\/2025\/05\/Relatorio_Monitorizacao_2P_24_25_17mai.pdf\" data-type=\"link\" data-id=\"https:\/\/portal.aepjm.pt\/wp-content\/uploads\/2025\/05\/Relatorio_Monitorizacao_2P_24_25_17mai.pdf\" target=\"_blank\" rel=\"noreferrer noopener\">Consulte aqui<\/a>)<\/p>\n\n\n\n<p class=\"has-text-color has-background\" style=\"color:#3d3c3c;background-color:#e1f8c2;font-size:18px\"><strong>Avalia\u00e7\u00e3o Diagn\u00f3stica &#8211; Relat\u00f3rio de Monitoriza\u00e7\u00e3o do 3.\u00ba Per\u00edodo <\/strong>(Consulte aqui<a href=\"https:\/\/aepjm.pt\/AEPJM2022_2023\/Relatorio_Monitorizacao_3P_22_23.pdf\" data-type=\"URL\" target=\"_blank\" rel=\"noreferrer noopener\">)<\/a><\/p>\n\n\n\n<p><\/p>\n","protected":false},"excerpt":{"rendered":"<p>Avalia\u00e7\u00e3o Diagn\u00f3stica &#8211; Relat\u00f3rio de Monitoriza\u00e7\u00e3o do 1.\u00ba Per\u00edodo (Consulte aqui) Avalia\u00e7\u00e3o Diagn\u00f3stica &#8211; Relat\u00f3rio de Monitoriza\u00e7\u00e3o do 2.\u00ba Per\u00edodo (Consulte aqui) Avalia\u00e7\u00e3o Diagn\u00f3stica &#8211; Relat\u00f3rio de Monitoriza\u00e7\u00e3o do 3.\u00ba Per\u00edodo (Consulte aqui)<\/p>\n","protected":false},"author":1,"featured_media":0,"parent":0,"menu_order":0,"comment_status":"closed","ping_status":"closed","template":"","meta":{"_exactmetrics_skip_tracking":false,"_exactmetrics_sitenote_active":false,"_exactmetrics_sitenote_note":"","_exactmetrics_sitenote_category":0,"footnotes":""},"class_list":["post-9689","page","type-page","status-publish","hentry"],"_links":{"self":[{"href":"https:\/\/portal.aepjm.pt\/index.php?rest_route=\/wp\/v2\/pages\/9689","targetHints":{"allow":["GET"]}}],"collection":[{"href":"https:\/\/portal.aepjm.pt\/index.php?rest_route=\/wp\/v2\/pages"}],"about":[{"href":"https:\/\/portal.aepjm.pt\/index.php?rest_route=\/wp\/v2\/types\/page"}],"author":[{"embeddable":true,"href":"https:\/\/portal.aepjm.pt\/index.php?rest_route=\/wp\/v2\/users\/1"}],"replies":[{"embeddable":true,"href":"https:\/\/portal.aepjm.pt\/index.php?rest_route=%2Fwp%2Fv2%2Fcomments&post=9689"}],"version-history":[{"count":3,"href":"https:\/\/portal.aepjm.pt\/index.php?rest_route=\/wp\/v2\/pages\/9689\/revisions"}],"predecessor-version":[{"id":9695,"href":"https:\/\/portal.aepjm.pt\/index.php?rest_route=\/wp\/v2\/pages\/9689\/revisions\/9695"}],"wp:attachment":[{"href":"https:\/\/portal.aepjm.pt\/index.php?rest_route=%2Fwp%2Fv2%2Fmedia&parent=9689"}],"curies":[{"name":"wp","href":"https:\/\/api.w.org\/{rel}","templated":true}]}}