{"id":826,"date":"2020-03-11T12:11:21","date_gmt":"2020-03-11T12:11:21","guid":{"rendered":"https:\/\/portal.aepjm.pt\/?page_id=826"},"modified":"2025-03-14T12:34:02","modified_gmt":"2025-03-14T12:34:02","slug":"add","status":"publish","type":"page","link":"https:\/\/portal.aepjm.pt\/?page_id=826","title":{"rendered":"Avalia\u00e7\u00e3o Desempenho Docente"},"content":{"rendered":"\n<ul class=\"wp-block-list\">\n<li><strong>Perguntas Frequentes <\/strong>(<a href=\"https:\/\/www.dgae.medu.pt\/gestao-de-recursos-humanos\/pessoal-docente\/perguntas-frequentes-PD-RH\">consultar<\/a>)<\/li>\n<\/ul>\n\n\n\n<ul class=\"wp-block-list\">\n<li><strong>Linhas Orientadoras SADD 2024-2025 Docentes a contrato <\/strong>(<a href=\"https:\/\/portal.aepjm.pt\/wp-content\/uploads\/2025\/02\/Linhas-Orientadoras-SADD-24_25-docentes-a-contrato.pdf\">consultar<\/a>)<\/li>\n<\/ul>\n\n\n\n<ul class=\"wp-block-list\">\n<li><strong>Linhas Orientadoras SADD 2024-2025 Docentes de carreira e regimes especiais <\/strong>(<a href=\"https:\/\/portal.aepjm.pt\/wp-content\/uploads\/2025\/02\/Linhas-Orientadoras-SADD-24-25-docentes-de-carreira-e-regimes-especiais.pdf\">consultar<\/a>)<\/li>\n<\/ul>\n\n\n\n<ul class=\"wp-block-list\">\n<li><strong>Calendariza\u00e7\u00e3o do Processo de Avalia\u00e7\u00e3o Docente 2024-2025<\/strong> (<a href=\"https:\/\/portal.aepjm.pt\/wp-content\/uploads\/2025\/02\/Calendarizacao-Processo-Avaliacao-Docente_24_25.pdf\">consultar<\/a>)<\/li>\n<\/ul>\n\n\n\n<ul class=\"wp-block-list\">\n<li><strong>Registo e Avalia\u00e7\u00e3o das Atividades 2024-2025 <\/strong>(<a href=\"https:\/\/portal.aepjm.pt\/wp-content\/uploads\/2025\/03\/Registo-e-avaliacao-das-atividades.pdf\" target=\"_blank\" rel=\"noreferrer noopener\">consultar<\/a>)<\/li>\n<\/ul>\n\n\n\n<ul class=\"wp-block-list\">\n<li><strong>Decreto Regulamentar n.\u00ba 26\/2012&nbsp;de 21 de fevereiro<\/strong> (<a href=\"https:\/\/portal.aepjm.pt\/wp-content\/uploads\/2023\/01\/DR-26-2012-ADD.pdf\" target=\"_blank\" rel=\"noreferrer noopener\">consultar<\/a>)<\/li>\n<\/ul>\n\n\n\n<ul class=\"wp-block-list\">\n<li><strong>Despacho n.\u00ba 19\/2012<\/strong> (<a href=\"https:\/\/portal.aepjm.pt\/wp-content\/uploads\/2023\/01\/Despacho-normativo-19-2012-Ponderacao-Curricular.pdf\" target=\"_blank\" rel=\"noreferrer noopener\">consultar<\/a>)<\/li>\n<\/ul>\n\n\n\n<ul class=\"wp-block-list\">\n<li><strong>Despacho n.\u00ba 24\/2012<\/strong> (<a href=\"https:\/\/portal.aepjm.pt\/wp-content\/uploads\/2023\/01\/Despacho-Normativo-24_2012-Bolsa-de-Avaliadores-Externos.pdf\" target=\"_blank\" rel=\"noreferrer noopener\">consultar<\/a>)<\/li>\n<\/ul>\n\n\n\n<ul class=\"wp-block-list\">\n<li><strong>Despacho n.\u00ba 12567\/2012<\/strong> (<a href=\"https:\/\/portal.aepjm.pt\/wp-content\/uploads\/2023\/01\/Despacho-12567-2012-Percentis.pdf\" target=\"_blank\" rel=\"noreferrer noopener\">consultar<\/a>)<\/li>\n<\/ul>\n\n\n\n<ul class=\"wp-block-list\">\n<li><strong>Despacho n.\u00ba 12635\/2012<\/strong> (<a href=\"https:\/\/portal.aepjm.pt\/wp-content\/uploads\/2023\/01\/Despacho-12635-2012-Conversao-avaliacao-SIADAP.pdf\" target=\"_blank\" rel=\"noreferrer noopener\">consultar<\/a>)<\/li>\n<\/ul>\n\n\n\n<ul class=\"wp-block-list\">\n<li><strong>Despacho n.\u00ba 13981\/2012<\/strong> (<a href=\"https:\/\/portal.aepjm.pt\/wp-content\/uploads\/2023\/01\/Despacho-13981-2012-Av.-Dim.-Cientifica-e-Pedagogica.pdf\" target=\"_blank\" rel=\"noreferrer noopener\">consultar<\/a>)<\/li>\n<\/ul>\n\n\n\n<p class=\"has-text-align-center has-very-light-gray-color has-text-color\"><\/p>\n","protected":false},"excerpt":{"rendered":"","protected":false},"author":1,"featured_media":0,"parent":0,"menu_order":0,"comment_status":"closed","ping_status":"closed","template":"","meta":{"_exactmetrics_skip_tracking":false,"_exactmetrics_sitenote_active":false,"_exactmetrics_sitenote_note":"","_exactmetrics_sitenote_category":0,"footnotes":""},"class_list":["post-826","page","type-page","status-publish","hentry"],"_links":{"self":[{"href":"https:\/\/portal.aepjm.pt\/index.php?rest_route=\/wp\/v2\/pages\/826","targetHints":{"allow":["GET"]}}],"collection":[{"href":"https:\/\/portal.aepjm.pt\/index.php?rest_route=\/wp\/v2\/pages"}],"about":[{"href":"https:\/\/portal.aepjm.pt\/index.php?rest_route=\/wp\/v2\/types\/page"}],"author":[{"embeddable":true,"href":"https:\/\/portal.aepjm.pt\/index.php?rest_route=\/wp\/v2\/users\/1"}],"replies":[{"embeddable":true,"href":"https:\/\/portal.aepjm.pt\/index.php?rest_route=%2Fwp%2Fv2%2Fcomments&post=826"}],"version-history":[{"count":43,"href":"https:\/\/portal.aepjm.pt\/index.php?rest_route=\/wp\/v2\/pages\/826\/revisions"}],"predecessor-version":[{"id":9472,"href":"https:\/\/portal.aepjm.pt\/index.php?rest_route=\/wp\/v2\/pages\/826\/revisions\/9472"}],"wp:attachment":[{"href":"https:\/\/portal.aepjm.pt\/index.php?rest_route=%2Fwp%2Fv2%2Fmedia&parent=826"}],"curies":[{"name":"wp","href":"https:\/\/api.w.org\/{rel}","templated":true}]}}