{"id":798,"date":"2020-03-10T15:14:06","date_gmt":"2020-03-10T15:14:06","guid":{"rendered":"https:\/\/portal.aepjm.pt\/?page_id=798"},"modified":"2025-06-16T10:12:32","modified_gmt":"2025-06-16T10:12:32","slug":"direcao","status":"publish","type":"page","link":"https:\/\/portal.aepjm.pt\/?page_id=798","title":{"rendered":"Dire\u00e7\u00e3o AEPJM"},"content":{"rendered":"\n<div style=\"height:37px\" aria-hidden=\"true\" class=\"wp-block-spacer\"><\/div>\n\n\n\n<h2 class=\"wp-block-heading\">AEPJM tem nova equipa diretiva (Mandato 2025\/29)<\/h2>\n\n\n\n<div style=\"height:46px\" aria-hidden=\"true\" class=\"wp-block-spacer\"><\/div>\n\n\n\n<p>Caros membros da comunidade educativa,<\/p>\n\n\n\n<p>Foi com grande sentido de responsabilidade que aceitei o desafio de assumir a&nbsp; Dire\u00e7\u00e3o do Agrupamento de Escolas Pedro Jacques de Magalh\u00e3es. Agrade\u00e7o sinceramente a confian\u00e7a que em mim foi depositada.<\/p>\n\n\n\n<p>Assumo este cargo com o firme compromisso de trabalhar em proximidade com todos os elementos da comunidade escolar \u2014 alunos, docentes, assistentes operacionais e t\u00e9cnicos, t\u00e9cnicos especializados, pais e encarregados de educa\u00e7\u00e3o, bem como com os parceiros institucionais \u2014 na constru\u00e7\u00e3o de uma escola cada vez mais inclusiva, exigente e solid\u00e1ria.<\/p>\n\n\n\n<p>Estou convicto de que o sucesso da nossa miss\u00e3o educativa depende do envolvimento e do contributo de todos. Prometo dedica\u00e7\u00e3o, abertura ao di\u00e1logo e disponibilidade para, em conjunto, enfrentarmos os desafios e aproveitarmos as oportunidades que temos pela frente.<\/p>\n\n\n\n<p>Agrade\u00e7o, desde j\u00e1, todo o apoio e colabora\u00e7\u00e3o.<\/p>\n\n\n\n<p>Com estima e considera\u00e7\u00e3o,<br><strong>Teodoro de Assun\u00e7\u00e3o Bernardo Roque<\/strong><br>Diretor do Agrupamento de Escolas Pedro Jacques de Magalh\u00e3es<\/p>\n\n\n\n<div style=\"height:49px\" aria-hidden=\"true\" class=\"wp-block-spacer\"><\/div>\n\n\n<div class=\"wp-block-image\">\n<figure data-wp-context=\"{&quot;imageId&quot;:&quot;6a04653fb77c5&quot;}\" data-wp-interactive=\"core\/image\" data-wp-key=\"6a04653fb77c5\" class=\"aligncenter size-large wp-lightbox-container\"><img loading=\"lazy\" decoding=\"async\" width=\"1024\" height=\"683\" data-wp-class--hide=\"state.isContentHidden\" data-wp-class--show=\"state.isContentVisible\" data-wp-init=\"callbacks.setButtonStyles\" data-wp-on--click=\"actions.showLightbox\" data-wp-on--load=\"callbacks.setButtonStyles\" data-wp-on-window--resize=\"callbacks.setButtonStyles\" src=\"https:\/\/portal.aepjm.pt\/wp-content\/uploads\/2025\/06\/AEPJM_-equipa-diretiva-1024x683.jpg\" alt=\"\" class=\"wp-image-9705\" srcset=\"https:\/\/portal.aepjm.pt\/wp-content\/uploads\/2025\/06\/AEPJM_-equipa-diretiva-1024x683.jpg 1024w, https:\/\/portal.aepjm.pt\/wp-content\/uploads\/2025\/06\/AEPJM_-equipa-diretiva-300x200.jpg 300w, https:\/\/portal.aepjm.pt\/wp-content\/uploads\/2025\/06\/AEPJM_-equipa-diretiva-768x512.jpg 768w, https:\/\/portal.aepjm.pt\/wp-content\/uploads\/2025\/06\/AEPJM_-equipa-diretiva-1536x1024.jpg 1536w, https:\/\/portal.aepjm.pt\/wp-content\/uploads\/2025\/06\/AEPJM_-equipa-diretiva.jpg 1920w\" sizes=\"auto, (max-width: 1024px) 100vw, 1024px\" \/><button\n\t\t\tclass=\"lightbox-trigger\"\n\t\t\ttype=\"button\"\n\t\t\taria-haspopup=\"dialog\"\n\t\t\taria-label=\"Ampliar\"\n\t\t\tdata-wp-init=\"callbacks.initTriggerButton\"\n\t\t\tdata-wp-on--click=\"actions.showLightbox\"\n\t\t\tdata-wp-style--right=\"state.imageButtonRight\"\n\t\t\tdata-wp-style--top=\"state.imageButtonTop\"\n\t\t>\n\t\t\t<svg xmlns=\"http:\/\/www.w3.org\/2000\/svg\" width=\"12\" height=\"12\" fill=\"none\" viewBox=\"0 0 12 12\">\n\t\t\t\t<path fill=\"#fff\" d=\"M2 0a2 2 0 0 0-2 2v2h1.5V2a.5.5 0 0 1 .5-.5h2V0H2Zm2 10.5H2a.5.5 0 0 1-.5-.5V8H0v2a2 2 0 0 0 2 2h2v-1.5ZM8 12v-1.5h2a.5.5 0 0 0 .5-.5V8H12v2a2 2 0 0 1-2 2H8Zm2-12a2 2 0 0 1 2 2v2h-1.5V2a.5.5 0 0 0-.5-.5H8V0h2Z\" \/>\n\t\t\t<\/svg>\n\t\t<\/button><\/figure>\n<\/div>","protected":false},"excerpt":{"rendered":"<p>AEPJM tem nova equipa diretiva (Mandato 2025\/29) Caros membros da comunidade educativa, Foi com grande sentido de responsabilidade que aceitei o desafio de assumir a&nbsp; Dire\u00e7\u00e3o do Agrupamento de Escolas Pedro Jacques de Magalh\u00e3es. Agrade\u00e7o sinceramente a confian\u00e7a que em mim foi depositada. Assumo este cargo com o firme compromisso de trabalhar em proximidade com [&hellip;]<\/p>\n","protected":false},"author":1,"featured_media":0,"parent":0,"menu_order":0,"comment_status":"closed","ping_status":"closed","template":"","meta":{"_exactmetrics_skip_tracking":false,"_exactmetrics_sitenote_active":false,"_exactmetrics_sitenote_note":"","_exactmetrics_sitenote_category":0,"footnotes":""},"class_list":["post-798","page","type-page","status-publish","hentry"],"_links":{"self":[{"href":"https:\/\/portal.aepjm.pt\/index.php?rest_route=\/wp\/v2\/pages\/798","targetHints":{"allow":["GET"]}}],"collection":[{"href":"https:\/\/portal.aepjm.pt\/index.php?rest_route=\/wp\/v2\/pages"}],"about":[{"href":"https:\/\/portal.aepjm.pt\/index.php?rest_route=\/wp\/v2\/types\/page"}],"author":[{"embeddable":true,"href":"https:\/\/portal.aepjm.pt\/index.php?rest_route=\/wp\/v2\/users\/1"}],"replies":[{"embeddable":true,"href":"https:\/\/portal.aepjm.pt\/index.php?rest_route=%2Fwp%2Fv2%2Fcomments&post=798"}],"version-history":[{"count":9,"href":"https:\/\/portal.aepjm.pt\/index.php?rest_route=\/wp\/v2\/pages\/798\/revisions"}],"predecessor-version":[{"id":9709,"href":"https:\/\/portal.aepjm.pt\/index.php?rest_route=\/wp\/v2\/pages\/798\/revisions\/9709"}],"wp:attachment":[{"href":"https:\/\/portal.aepjm.pt\/index.php?rest_route=%2Fwp%2Fv2%2Fmedia&parent=798"}],"curies":[{"name":"wp","href":"https:\/\/api.w.org\/{rel}","templated":true}]}}