{"id":752,"date":"2020-03-10T13:12:44","date_gmt":"2020-03-10T13:12:44","guid":{"rendered":"https:\/\/portal.aepjm.pt\/?page_id=752"},"modified":"2026-02-24T19:37:17","modified_gmt":"2026-02-24T19:37:17","slug":"3-o-ciclo","status":"publish","type":"page","link":"https:\/\/portal.aepjm.pt\/?page_id=752","title":{"rendered":"3.\u00ba Ciclo &#8211; Crit\u00e9rios de Avalia\u00e7\u00e3o"},"content":{"rendered":"\n<blockquote class=\"wp-block-quote is-style-default is-layout-flow wp-block-quote-is-layout-flow\"><p><em>De acordo com a legisla\u00e7\u00e3o em vigor, as escolas t\u00eam como dever divulgar os crit\u00e9rios gerais de avalia\u00e7\u00e3o \u00e0 comunidade escolar. A avalia\u00e7\u00e3o incide sobre as aprendizagens desenvolvidas pelos alunos, tendo por refer\u00eancia as Metas Curriculares, os Programas e as Aprendizagens Essenciais e o Perfil dos Alunos \u00e0 Sa\u00edda da Escolaridade Obrigat\u00f3ria, constituindo estes documentos a orienta\u00e7\u00e3o curricular de base.<\/em><\/p><\/blockquote>\n\n\n\n<div style=\"height:38px\" aria-hidden=\"true\" class=\"wp-block-spacer\"><\/div>\n\n\n\n<h4 class=\"wp-block-heading has-text-align-center\">Crit\u00e9rios de Avalia\u00e7\u00e3o por Disciplina &#8211; Ano Letivo 2025-2026<\/h4>\n\n\n\n<div style=\"height:38px\" aria-hidden=\"true\" class=\"wp-block-spacer\"><\/div>\n\n\n\n<p><strong><a href=\"https:\/\/portal.aepjm.pt\/wp-content\/uploads\/2026\/01\/ARTE-Criterios_Avaliacao-2025-2026-3.oCiclo.pdf\" target=\"_blank\" rel=\"noreferrer noopener\">Arte +<\/a><\/strong><\/p>\n\n\n\n<p><strong><a href=\"https:\/\/portal.aepjm.pt\/wp-content\/uploads\/2026\/02\/Criterios_Avaliacao_CD_2025-2026.pdf\" target=\"_blank\" rel=\"noreferrer noopener\">Cidadania e Desenvolvimento<\/a><\/strong><\/p>\n\n\n\n<p><strong><a href=\"https:\/\/portal.aepjm.pt\/wp-content\/uploads\/2026\/01\/CC_Criterios_Avaliacao_2025-2026_3.oCiclo.pdf\" target=\"_blank\" rel=\"noreferrer noopener\">Ci\u00eancias da Computa\u00e7\u00e3o<\/a><\/strong><\/p>\n\n\n\n<p><strong><a href=\"https:\/\/portal.aepjm.pt\/wp-content\/uploads\/2026\/01\/CN_Criterios_Avaliacao_2025-2026_3.oCiclo.pdf\" target=\"_blank\" rel=\"noreferrer noopener\">Ci\u00eancias Naturais<\/a><\/strong><\/p>\n\n\n\n<p><strong><a href=\"https:\/\/portal.aepjm.pt\/wp-content\/uploads\/2026\/01\/EF-Criterios_Avaliacao_2025-2026-3.oCiclo.pdf\" target=\"_blank\" rel=\"noreferrer noopener\">Educa\u00e7\u00e3o F\u00edsica<\/a><\/strong><\/p>\n\n\n\n<p><strong><a href=\"https:\/\/portal.aepjm.pt\/wp-content\/uploads\/2026\/01\/EV-Criterios_Avaliacao_2025-2026_3.oCiclo.pdf\" target=\"_blank\" rel=\"noreferrer noopener\">Educa\u00e7\u00e3o Visual<\/a><\/strong><\/p>\n\n\n\n<p><strong><a href=\"https:\/\/portal.aepjm.pt\/wp-content\/uploads\/2026\/01\/FQ_Criterios_Avaliacao_2025-2026_3.oCiclo.pdf\" target=\"_blank\" rel=\"noreferrer noopener\">F\u00edsico-Qu\u00edmica<\/a><\/strong><\/p>\n\n\n\n<p><strong><a href=\"https:\/\/portal.aepjm.pt\/wp-content\/uploads\/2026\/01\/Criterios_Avaliacao_Frances_3.oCiclo_2025-2026.pdf\" target=\"_blank\" rel=\"noreferrer noopener\">Franc\u00eas<\/a><\/strong><\/p>\n\n\n\n<p><strong><a href=\"https:\/\/portal.aepjm.pt\/wp-content\/uploads\/2026\/01\/DCSH-Criterios_Avaliacao-da-disciplina-de-Geografia_2025-2026_3.oCiclo.pdf\">Geografia<\/a><\/strong><\/p>\n\n\n\n<p><strong><a href=\"https:\/\/portal.aepjm.pt\/wp-content\/uploads\/2026\/01\/DCSH-Criterios_Avaliacao-da-disciplina-de-Historia_2025-2026_3.oCiclo.pdf\" target=\"_blank\" rel=\"noreferrer noopener\">Hist\u00f3ria<\/a><\/strong><\/p>\n\n\n\n<p><strong><a href=\"https:\/\/portal.aepjm.pt\/wp-content\/uploads\/2026\/01\/Criterios_Avaliacao_Ingles_3.oCiclo_2025-2026.pdf\" target=\"_blank\" rel=\"noreferrer noopener\">Ingl\u00eas<\/a><\/strong><\/p>\n\n\n\n<p><strong><a href=\"https:\/\/portal.aepjm.pt\/wp-content\/uploads\/2026\/01\/Matematica_Criterios_Avaliacao_2025-2026_3.oCiclo.pdf\" target=\"_blank\" rel=\"noreferrer noopener\">Matem\u00e1tica<\/a> <\/strong><\/p>\n\n\n\n<p><strong><a href=\"https:\/\/portal.aepjm.pt\/wp-content\/uploads\/2026\/01\/Criterios_Avaliacao_Portugues_3.oCiclo_2025-2026.pdf\" target=\"_blank\" rel=\"noreferrer noopener\">Portugu\u00eas<\/a><\/strong><\/p>\n\n\n\n<p><strong>Portugu\u00eas L\u00edngua N\u00e3o Materna (PLNM)<\/strong><\/p>\n\n\n\n<ul class=\"wp-block-list\">\n<li><strong><a href=\"https:\/\/portal.aepjm.pt\/wp-content\/uploads\/2026\/01\/Criterios_Avaliacao_PLNM_A1_2025-2026.pdf\" target=\"_blank\" rel=\"noreferrer noopener\">A1<\/a><\/strong><\/li>\n\n\n\n<li><strong><a href=\"https:\/\/portal.aepjm.pt\/wp-content\/uploads\/2026\/01\/Criterios_Avaliacao_PLNM_A2_2025-2026.pdf\" target=\"_blank\" rel=\"noreferrer noopener\">A2<\/a><\/strong><\/li>\n\n\n\n<li><strong><a href=\"https:\/\/portal.aepjm.pt\/wp-content\/uploads\/2026\/01\/Criterios_Avaliacao_PLNM_B1_2025-2026.pdf\" target=\"_blank\" rel=\"noreferrer noopener\">B1<\/a><\/strong><\/li>\n<\/ul>\n\n\n\n<p><strong><a href=\"https:\/\/portal.aepjm.pt\/wp-content\/uploads\/2026\/01\/TIC_Criterios_Avaliacao_2025-2026_3.oCiclo.pdf\" target=\"_blank\" rel=\"noreferrer noopener\">Tecnologias de Informa\u00e7\u00e3o e Comunica\u00e7\u00e3o<\/a><\/strong><\/p>\n\n\n\n<p><\/p>\n","protected":false},"excerpt":{"rendered":"<p>Crit\u00e9rios de Avalia\u00e7\u00e3o por Disciplina &#8211; Ano Letivo 2025-2026 Arte + Cidadania e Desenvolvimento Ci\u00eancias da Computa\u00e7\u00e3o Ci\u00eancias Naturais Educa\u00e7\u00e3o F\u00edsica Educa\u00e7\u00e3o Visual F\u00edsico-Qu\u00edmica Franc\u00eas Geografia Hist\u00f3ria Ingl\u00eas Matem\u00e1tica Portugu\u00eas Portugu\u00eas L\u00edngua N\u00e3o Materna (PLNM) Tecnologias de Informa\u00e7\u00e3o e Comunica\u00e7\u00e3o<\/p>\n","protected":false},"author":1,"featured_media":0,"parent":0,"menu_order":0,"comment_status":"closed","ping_status":"closed","template":"","meta":{"_exactmetrics_skip_tracking":false,"_exactmetrics_sitenote_active":false,"_exactmetrics_sitenote_note":"","_exactmetrics_sitenote_category":0,"footnotes":""},"class_list":["post-752","page","type-page","status-publish","hentry"],"_links":{"self":[{"href":"https:\/\/portal.aepjm.pt\/index.php?rest_route=\/wp\/v2\/pages\/752","targetHints":{"allow":["GET"]}}],"collection":[{"href":"https:\/\/portal.aepjm.pt\/index.php?rest_route=\/wp\/v2\/pages"}],"about":[{"href":"https:\/\/portal.aepjm.pt\/index.php?rest_route=\/wp\/v2\/types\/page"}],"author":[{"embeddable":true,"href":"https:\/\/portal.aepjm.pt\/index.php?rest_route=\/wp\/v2\/users\/1"}],"replies":[{"embeddable":true,"href":"https:\/\/portal.aepjm.pt\/index.php?rest_route=%2Fwp%2Fv2%2Fcomments&post=752"}],"version-history":[{"count":101,"href":"https:\/\/portal.aepjm.pt\/index.php?rest_route=\/wp\/v2\/pages\/752\/revisions"}],"predecessor-version":[{"id":10342,"href":"https:\/\/portal.aepjm.pt\/index.php?rest_route=\/wp\/v2\/pages\/752\/revisions\/10342"}],"wp:attachment":[{"href":"https:\/\/portal.aepjm.pt\/index.php?rest_route=%2Fwp%2Fv2%2Fmedia&parent=752"}],"curies":[{"name":"wp","href":"https:\/\/api.w.org\/{rel}","templated":true}]}}