{"id":7006,"date":"2023-03-15T17:17:58","date_gmt":"2023-03-15T17:17:58","guid":{"rendered":"https:\/\/portal.aepjm.pt\/?page_id=7006"},"modified":"2023-07-21T15:20:32","modified_gmt":"2023-07-21T15:20:32","slug":"avaliacao-diagnostica-do-agrupamento-2022-2023","status":"publish","type":"page","link":"https:\/\/portal.aepjm.pt\/?page_id=7006","title":{"rendered":"Avalia\u00e7\u00e3o do Agrupamento \u2013 2022\/2023"},"content":{"rendered":"\n<div style=\"height:44px\" aria-hidden=\"true\" class=\"wp-block-spacer\"><\/div>\n\n\n\n<h2 class=\"has-text-color wp-block-heading\" style=\"color:#48c048\"><strong>Avalia\u00e7\u00e3o Diagn\u00f3stica do Agrupamento \u2013 2022\/2023<\/strong><\/h2>\n\n\n\n<div style=\"height:44px\" aria-hidden=\"true\" class=\"wp-block-spacer\"><\/div>\n\n\n\n<p class=\"has-text-color has-background\" style=\"background-color:#95eacb;color:#363535;font-size:18px\"><strong>Plano de A\u00e7\u00e3o de Melhoria<\/strong> (<a rel=\"noreferrer noopener\" href=\"https:\/\/portal.aepjm.pt\/wp-content\/uploads\/2023\/05\/Plano-de-Acao-de-Melhoria-22_23.pdf\" target=\"_blank\">Consulte aqui<\/a>)<\/p>\n\n\n\n<p class=\"has-text-color has-background\" style=\"background-color:#e1f8c2;color:#3d3c3c;font-size:18px\"><strong>Avalia\u00e7\u00e3o Diagn\u00f3stica &#8211; Relat\u00f3rio de Monitoriza\u00e7\u00e3o do 1.\u00ba Per\u00edodo <\/strong>(<a rel=\"noreferrer noopener\" href=\"http:\/\/aepjm.pt\/AEPJM2022_2023\/Relatorio_Monotorizacao_1P_22_23.pdf\" data-type=\"URL\" data-id=\"aepjm.pt\/AEPJM2022_2023\/Relatorio_Monotorizacao_1P_22_23.pdf\" target=\"_blank\">Consulte aqui)<\/a><\/p>\n\n\n\n<p class=\"has-text-color has-background\" style=\"background-color:#95eacb;color:#363535;font-size:18px\"><strong><strong>Avalia\u00e7\u00e3o Diagn\u00f3stica &#8211; Relat\u00f3rio de Monitoriza\u00e7\u00e3o do 2.\u00ba Per\u00edodo<\/strong><\/strong> (<a rel=\"noreferrer noopener\" href=\"http:\/\/aepjm.pt\/AEPJM2022_2023\/Relatorio_Monitorizacao_2P_22_23.pdf\" target=\"_blank\">Consulte aqui<\/a>)<\/p>\n\n\n\n<p class=\"has-text-color has-background\" style=\"background-color:#e1f8c2;color:#3d3c3c;font-size:18px\"><strong>Avalia\u00e7\u00e3o Diagn\u00f3stica &#8211; Relat\u00f3rio de Monitoriza\u00e7\u00e3o do 3.\u00ba Per\u00edodo <\/strong>(<a href=\"https:\/\/aepjm.pt\/AEPJM2022_2023\/Relatorio_Monitorizacao_3P_22_23.pdf\" data-type=\"URL\" target=\"_blank\" rel=\"noreferrer noopener\">Consulte aqui)<\/a><\/p>\n","protected":false},"excerpt":{"rendered":"<p>Avalia\u00e7\u00e3o Diagn\u00f3stica do Agrupamento \u2013 2022\/2023 Plano de A\u00e7\u00e3o de Melhoria (Consulte aqui) Avalia\u00e7\u00e3o Diagn\u00f3stica &#8211; Relat\u00f3rio de Monitoriza\u00e7\u00e3o do 1.\u00ba Per\u00edodo (Consulte aqui) Avalia\u00e7\u00e3o Diagn\u00f3stica &#8211; Relat\u00f3rio de Monitoriza\u00e7\u00e3o do 2.\u00ba Per\u00edodo (Consulte aqui) Avalia\u00e7\u00e3o Diagn\u00f3stica &#8211; Relat\u00f3rio de Monitoriza\u00e7\u00e3o do 3.\u00ba Per\u00edodo (Consulte aqui)<\/p>\n","protected":false},"author":1,"featured_media":0,"parent":0,"menu_order":0,"comment_status":"closed","ping_status":"closed","template":"","meta":{"_exactmetrics_skip_tracking":false,"_exactmetrics_sitenote_active":false,"_exactmetrics_sitenote_note":"","_exactmetrics_sitenote_category":0,"footnotes":""},"class_list":["post-7006","page","type-page","status-publish","hentry"],"_links":{"self":[{"href":"https:\/\/portal.aepjm.pt\/index.php?rest_route=\/wp\/v2\/pages\/7006","targetHints":{"allow":["GET"]}}],"collection":[{"href":"https:\/\/portal.aepjm.pt\/index.php?rest_route=\/wp\/v2\/pages"}],"about":[{"href":"https:\/\/portal.aepjm.pt\/index.php?rest_route=\/wp\/v2\/types\/page"}],"author":[{"embeddable":true,"href":"https:\/\/portal.aepjm.pt\/index.php?rest_route=\/wp\/v2\/users\/1"}],"replies":[{"embeddable":true,"href":"https:\/\/portal.aepjm.pt\/index.php?rest_route=%2Fwp%2Fv2%2Fcomments&post=7006"}],"version-history":[{"count":6,"href":"https:\/\/portal.aepjm.pt\/index.php?rest_route=\/wp\/v2\/pages\/7006\/revisions"}],"predecessor-version":[{"id":7785,"href":"https:\/\/portal.aepjm.pt\/index.php?rest_route=\/wp\/v2\/pages\/7006\/revisions\/7785"}],"wp:attachment":[{"href":"https:\/\/portal.aepjm.pt\/index.php?rest_route=%2Fwp%2Fv2%2Fmedia&parent=7006"}],"curies":[{"name":"wp","href":"https:\/\/api.w.org\/{rel}","templated":true}]}}