{"id":7004,"date":"2023-03-15T17:16:51","date_gmt":"2023-03-15T17:16:51","guid":{"rendered":"https:\/\/portal.aepjm.pt\/?page_id=7004"},"modified":"2023-03-15T17:50:41","modified_gmt":"2023-03-15T17:50:41","slug":"avaliacao-diagnostica-do-agrupamento-2021-2022","status":"publish","type":"page","link":"https:\/\/portal.aepjm.pt\/?page_id=7004","title":{"rendered":"Avalia\u00e7\u00e3o do Agrupamento \u2013 2021\/2022"},"content":{"rendered":"\n<div style=\"height:32px\" aria-hidden=\"true\" class=\"wp-block-spacer\"><\/div>\n\n\n\n<h2 class=\"has-text-color wp-block-heading\" style=\"color:#13a2df\"><strong>Avalia\u00e7\u00e3o Diagn\u00f3stica do Agrupamento \u2013 2021\/2022<\/strong><\/h2>\n\n\n\n<div style=\"height:44px\" aria-hidden=\"true\" class=\"wp-block-spacer\"><\/div>\n\n\n\n<p class=\"has-very-dark-gray-color has-text-color has-background\" style=\"background-color:#e0f0f8;font-size:18px\"><strong><strong><strong>Aplica\u00e7\u00e3o dos Question\u00e1rios \u00e0 Comunidade Escolar (<\/strong><\/strong><\/strong><a href=\"https:\/\/portal.aepjm.pt\/wp-content\/uploads\/2022\/02\/Aplicacao-dos-questionarios-Avaliacao-diagnostica.pdf\" target=\"_blank\" rel=\"noreferrer noopener\">Consulte aqui<\/a><strong><strong><strong>)<\/strong><\/strong><\/strong><\/p>\n\n\n\n<p class=\"has-very-dark-gray-color has-text-color has-background\" style=\"background-color:#e1f8c2;font-size:18px\"><strong>Avalia\u00e7\u00e3o Diagn\u00f3stica &#8211; Docentes <\/strong>(<a rel=\"noreferrer noopener\" href=\"https:\/\/forms.office.com\/Pages\/AnalysisPage.aspx?id=7W2M7bIiVUCFFPC9BGB3gfrZ3ftktmtBuWoLOE5b1_hUQ01HTFFPRVpEOVlTRjhaVDI4NVJaTzNHQS4u&amp;AnalyzerToken=jJA3PYmuOx1lSIHXFYvbnsKi8mG7IghM\" target=\"_blank\">Consulte aqui<\/a>)<\/p>\n\n\n\n<p class=\"has-very-dark-gray-color has-text-color has-background\" style=\"background-color:#bee3f6;font-size:18px\"><strong><strong>Avalia\u00e7\u00e3o Diagn\u00f3stica &#8211;<\/strong> Alunos 2.\u00ba e 3.\u00ba Ciclos<\/strong> (<a rel=\"noreferrer noopener\" href=\"https:\/\/forms.office.com\/Pages\/AnalysisPage.aspx?id=7W2M7bIiVUCFFPC9BGB3gfrZ3ftktmtBuWoLOE5b1_hUMVQ1MjcxREpPWlBYUEFWMEFUSlFBTFk4Ry4u&amp;AnalyzerToken=EpRHYZFK9KJjCRoi5AsdD1cGcBcMfwmm\" target=\"_blank\">Consulte aqui<\/a>)<\/p>\n\n\n\n<p class=\"has-very-dark-gray-color has-text-color has-background\" style=\"background-color:#c6f9c6;font-size:18px\"><strong>Avalia\u00e7\u00e3o Diagn\u00f3stica <strong><strong>&#8211; <\/strong><\/strong>Alunos 1.\u00ba Ciclo <\/strong>(<a rel=\"noreferrer noopener\" href=\"https:\/\/forms.office.com\/Pages\/AnalysisPage.aspx?id=7W2M7bIiVUCFFPC9BGB3gfrZ3ftktmtBuWoLOE5b1_hURE5MODNXSTdKTFFSR09DUEgwVzdBMlVWUC4u&amp;AnalyzerToken=LPwlpoQ0mQnLpwj1PFfjuNINSD6jFPCF\" target=\"_blank\">Consulte aqui<\/a>)<\/p>\n\n\n\n<p class=\"has-very-dark-gray-color has-text-color has-background\" style=\"background-color:#9ad4f1;font-size:18px\"><strong>Avalia\u00e7\u00e3o Diagn\u00f3stica <strong><strong>&#8211; <\/strong><\/strong><\/strong><strong>Pessoal N\u00e3o Docente<\/strong> (<a rel=\"noreferrer noopener\" href=\"https:\/\/forms.office.com\/Pages\/AnalysisPage.aspx?id=7W2M7bIiVUCFFPC9BGB3gfrZ3ftktmtBuWoLOE5b1_hURFlPT1dOV1lUREhYR0ZDRFJKQ0QzWUU3Ti4u&amp;AnalyzerToken=m6cPIzNCb0EDCfpY7HYgXIp6TCRi5fAF\" target=\"_blank\">Consulte aqui<\/a>)<\/p>\n\n\n\n\n\n\n\n<p class=\"has-very-dark-gray-color has-text-color has-background\" style=\"background-color:#e0f0f8;font-size:18px\"><strong><strong><strong>Avalia\u00e7\u00e3o Diagn\u00f3stica &#8211; Cruzamento das Respostas aos Inqu\u00e9ritos (<\/strong><\/strong><\/strong><a rel=\"noreferrer noopener\" href=\"https:\/\/portal.aepjm.pt\/wp-content\/uploads\/2022\/03\/Cruzamento-das-respostas-dos-inqueritos-Avaliacao-diagnostica.pdf\" target=\"_blank\">Consulte aqui<\/a><strong><strong><strong>)<\/strong><\/strong><\/strong><\/p>\n\n\n\n<p class=\"has-very-dark-gray-color has-text-color has-background\" style=\"background-color:#e1f8c2;font-size:18px\"><strong>Avalia\u00e7\u00e3o Diagn\u00f3stica &#8211; Relat\u00f3rio de Monitoriza\u00e7\u00e3o do 1.\u00ba Per\u00edodo <\/strong>(<a href=\"https:\/\/portal.aepjm.pt\/wp-content\/uploads\/2022\/03\/Relatorio-de-Monotorizacao.-1.oP-21-22.-2.docx.pdf\" target=\"_blank\" rel=\"noreferrer noopener\">Consulte aqui<\/a>)<\/p>\n\n\n\n<p class=\"has-very-dark-gray-color has-text-color has-background\" style=\"background-color:#bee3f6;font-size:18px\"><strong><strong><strong>Avalia\u00e7\u00e3o Diagn\u00f3stica &#8211; Relat\u00f3rio de Monitoriza\u00e7\u00e3o do 2.\u00ba Per\u00edodo <\/strong><\/strong><\/strong>(<a href=\"http:\/\/aepjm.pt\/AEPJM2021_2022\/Relatorio_Monotoriza\u00e7\u00e3o 2P 21-22.pdf\" target=\"_blank\" rel=\"noreferrer noopener\">Consulte aqui<\/a>)<\/p>\n\n\n\n<p class=\"has-very-dark-gray-color has-text-color has-background\" style=\"background-color:#c6f9c6;font-size:18px\"><strong><strong><strong>Avalia\u00e7\u00e3o Diagn\u00f3stica &#8211; Relat\u00f3rio de Monitoriza\u00e7\u00e3o do 3.\u00ba Per\u00edodo<\/strong><\/strong> <\/strong>(<a href=\"https:\/\/portal.aepjm.pt\/wp-content\/uploads\/2022\/07\/Relatorio-de-Monotorizacao.-3.oP-21-22.Observatorio-Qualidade.pdf\" target=\"_blank\" rel=\"noreferrer noopener\">Consulte aqui<\/a>)<\/p>\n","protected":false},"excerpt":{"rendered":"<p>Avalia\u00e7\u00e3o Diagn\u00f3stica do Agrupamento \u2013 2021\/2022 Aplica\u00e7\u00e3o dos Question\u00e1rios \u00e0 Comunidade Escolar (Consulte aqui) Avalia\u00e7\u00e3o Diagn\u00f3stica &#8211; Docentes (Consulte aqui) Avalia\u00e7\u00e3o Diagn\u00f3stica &#8211; Alunos 2.\u00ba e 3.\u00ba Ciclos (Consulte aqui) Avalia\u00e7\u00e3o Diagn\u00f3stica &#8211; Alunos 1.\u00ba Ciclo (Consulte aqui) Avalia\u00e7\u00e3o Diagn\u00f3stica &#8211; Pessoal N\u00e3o Docente (Consulte aqui) Avalia\u00e7\u00e3o Diagn\u00f3stica &#8211; Cruzamento das Respostas aos Inqu\u00e9ritos (Consulte [&hellip;]<\/p>\n","protected":false},"author":1,"featured_media":0,"parent":0,"menu_order":0,"comment_status":"closed","ping_status":"closed","template":"","meta":{"_exactmetrics_skip_tracking":false,"_exactmetrics_sitenote_active":false,"_exactmetrics_sitenote_note":"","_exactmetrics_sitenote_category":0,"footnotes":""},"class_list":["post-7004","page","type-page","status-publish","hentry"],"_links":{"self":[{"href":"https:\/\/portal.aepjm.pt\/index.php?rest_route=\/wp\/v2\/pages\/7004","targetHints":{"allow":["GET"]}}],"collection":[{"href":"https:\/\/portal.aepjm.pt\/index.php?rest_route=\/wp\/v2\/pages"}],"about":[{"href":"https:\/\/portal.aepjm.pt\/index.php?rest_route=\/wp\/v2\/types\/page"}],"author":[{"embeddable":true,"href":"https:\/\/portal.aepjm.pt\/index.php?rest_route=\/wp\/v2\/users\/1"}],"replies":[{"embeddable":true,"href":"https:\/\/portal.aepjm.pt\/index.php?rest_route=%2Fwp%2Fv2%2Fcomments&post=7004"}],"version-history":[{"count":5,"href":"https:\/\/portal.aepjm.pt\/index.php?rest_route=\/wp\/v2\/pages\/7004\/revisions"}],"predecessor-version":[{"id":7038,"href":"https:\/\/portal.aepjm.pt\/index.php?rest_route=\/wp\/v2\/pages\/7004\/revisions\/7038"}],"wp:attachment":[{"href":"https:\/\/portal.aepjm.pt\/index.php?rest_route=%2Fwp%2Fv2%2Fmedia&parent=7004"}],"curies":[{"name":"wp","href":"https:\/\/api.w.org\/{rel}","templated":true}]}}