{"id":622,"date":"2020-03-04T15:17:59","date_gmt":"2020-03-04T15:17:59","guid":{"rendered":"https:\/\/portal.aepjm.pt\/?page_id=622"},"modified":"2026-01-13T17:01:51","modified_gmt":"2026-01-13T17:01:51","slug":"1-o-ciclo","status":"publish","type":"page","link":"https:\/\/portal.aepjm.pt\/?page_id=622","title":{"rendered":"1.\u00ba Ciclo e Pr\u00e9-Escolar &#8211; Crit\u00e9rios de Avalia\u00e7\u00e3o"},"content":{"rendered":"\n<blockquote class=\"wp-block-quote is-style-default is-layout-flow wp-block-quote-is-layout-flow\"><p><em>De acordo com a legisla\u00e7\u00e3o em vigor, as escolas t\u00eam como dever divulgar os crit\u00e9rios gerais de avalia\u00e7\u00e3o \u00e0 comunidade escolar. A avalia\u00e7\u00e3o incide sobre as aprendizagens desenvolvidas pelos alunos, tendo por refer\u00eancia as Metas Curriculares, os Programas e as Aprendizagens Essenciais e o Perfil dos Alunos \u00e0 Sa\u00edda da Escolaridade Obrigat\u00f3ria, constituindo estes documentos a orienta\u00e7\u00e3o curricular de base.<\/em><\/p><\/blockquote>\n\n\n\n<div style=\"height:45px\" aria-hidden=\"true\" class=\"wp-block-spacer\"><\/div>\n\n\n\n<h4 class=\"wp-block-heading has-text-align-center\">Crit\u00e9rios de Avalia\u00e7\u00e3o por Disciplina &#8211; Ano Letivo 2025-2026<\/h4>\n\n\n\n<div style=\"height:38px\" aria-hidden=\"true\" class=\"wp-block-spacer\"><\/div>\n\n\n\n<p><strong><a href=\"https:\/\/portal.aepjm.pt\/wp-content\/uploads\/2026\/01\/Criterios_Avaliacao_2025-2026_EPE.pdf\" target=\"_blank\" rel=\"noreferrer noopener\">Pr\u00e9-Escolar<\/a><\/strong><\/p>\n\n\n\n<p><strong><a href=\"https:\/\/portal.aepjm.pt\/wp-content\/uploads\/2026\/01\/Criterios_Avaliacao_2025-2026_1.oCiclo.pdf\" target=\"_blank\" rel=\"noreferrer noopener\">1.\u00ba Ciclo<\/a><\/strong><\/p>\n\n\n\n<p><strong><a href=\"https:\/\/portal.aepjm.pt\/wp-content\/uploads\/2026\/01\/Criterios_Avaliacao_Ingles_1.oCiclo_2025-2026.pdf\" target=\"_blank\" rel=\"noreferrer noopener\">1.\u00ba Ciclo &#8211; Ingl\u00eas<\/a><\/strong><\/p>\n\n\n\n<p><\/p>\n","protected":false},"excerpt":{"rendered":"<p>Crit\u00e9rios de Avalia\u00e7\u00e3o por Disciplina &#8211; Ano Letivo 2025-2026 Pr\u00e9-Escolar 1.\u00ba Ciclo 1.\u00ba Ciclo &#8211; Ingl\u00eas<\/p>\n","protected":false},"author":1,"featured_media":0,"parent":0,"menu_order":0,"comment_status":"closed","ping_status":"closed","template":"","meta":{"_exactmetrics_skip_tracking":false,"_exactmetrics_sitenote_active":false,"_exactmetrics_sitenote_note":"","_exactmetrics_sitenote_category":0,"footnotes":""},"class_list":["post-622","page","type-page","status-publish","hentry"],"_links":{"self":[{"href":"https:\/\/portal.aepjm.pt\/index.php?rest_route=\/wp\/v2\/pages\/622","targetHints":{"allow":["GET"]}}],"collection":[{"href":"https:\/\/portal.aepjm.pt\/index.php?rest_route=\/wp\/v2\/pages"}],"about":[{"href":"https:\/\/portal.aepjm.pt\/index.php?rest_route=\/wp\/v2\/types\/page"}],"author":[{"embeddable":true,"href":"https:\/\/portal.aepjm.pt\/index.php?rest_route=\/wp\/v2\/users\/1"}],"replies":[{"embeddable":true,"href":"https:\/\/portal.aepjm.pt\/index.php?rest_route=%2Fwp%2Fv2%2Fcomments&post=622"}],"version-history":[{"count":39,"href":"https:\/\/portal.aepjm.pt\/index.php?rest_route=\/wp\/v2\/pages\/622\/revisions"}],"predecessor-version":[{"id":10268,"href":"https:\/\/portal.aepjm.pt\/index.php?rest_route=\/wp\/v2\/pages\/622\/revisions\/10268"}],"wp:attachment":[{"href":"https:\/\/portal.aepjm.pt\/index.php?rest_route=%2Fwp%2Fv2%2Fmedia&parent=622"}],"curies":[{"name":"wp","href":"https:\/\/api.w.org\/{rel}","templated":true}]}}