{"id":5186,"date":"2022-04-07T11:05:47","date_gmt":"2022-04-07T11:05:47","guid":{"rendered":"https:\/\/portal.aepjm.pt\/?page_id=5186"},"modified":"2022-04-07T11:29:44","modified_gmt":"2022-04-07T11:29:44","slug":"emaei","status":"publish","type":"page","link":"https:\/\/portal.aepjm.pt\/?page_id=5186","title":{"rendered":"EMAEI"},"content":{"rendered":"\n<p><\/p>\n\n\n\n<p><\/p>\n\n\n\n<p><\/p>\n\n\n\n<p><span class=\"has-inline-color has-light-cyan-color\"><strong>A Equipa Multidisciplinar de Apoio \u00e0 Educa\u00e7\u00e3o Inclusiva (EMAEI)<\/strong>\u00a0constitui-se como um dos recursos organizacionais espec\u00edficos de apoio \u00e0 aprendizagem e \u00e0 inclus\u00e3o, tendo em vista uma leitura alargada, integrada e participada de todos os intervenientes no processo educativo.<\/span><\/p>\n\n\n\n<p><strong>Regimento da EMAEI<\/strong> &#8211; <a href=\"https:\/\/portal.aepjm.pt\/wp-content\/uploads\/2022\/04\/Regimento-EMAEI_PJM-2021-2022.pdf\">Consultar<\/a><\/p>\n\n\n\n<p><strong>Regimento do Centro de Apoio \u00e0 Aprendizagem<\/strong> &#8211; <a href=\"https:\/\/portal.aepjm.pt\/wp-content\/uploads\/2022\/04\/Regimento-CAA_PJM-2021-2022.pdf\">Consultar<\/a><\/p>\n","protected":false},"excerpt":{"rendered":"<p>A Equipa Multidisciplinar de Apoio \u00e0 Educa\u00e7\u00e3o Inclusiva (EMAEI)\u00a0constitui-se como um dos recursos organizacionais espec\u00edficos de apoio \u00e0 aprendizagem e \u00e0 inclus\u00e3o, tendo em vista uma leitura alargada, integrada e participada de todos os intervenientes no processo educativo. Regimento da EMAEI &#8211; Consultar Regimento do Centro de Apoio \u00e0 Aprendizagem &#8211; Consultar<\/p>\n","protected":false},"author":1,"featured_media":0,"parent":0,"menu_order":0,"comment_status":"closed","ping_status":"closed","template":"","meta":{"_exactmetrics_skip_tracking":false,"_exactmetrics_sitenote_active":false,"_exactmetrics_sitenote_note":"","_exactmetrics_sitenote_category":0,"footnotes":""},"class_list":["post-5186","page","type-page","status-publish","hentry"],"_links":{"self":[{"href":"https:\/\/portal.aepjm.pt\/index.php?rest_route=\/wp\/v2\/pages\/5186","targetHints":{"allow":["GET"]}}],"collection":[{"href":"https:\/\/portal.aepjm.pt\/index.php?rest_route=\/wp\/v2\/pages"}],"about":[{"href":"https:\/\/portal.aepjm.pt\/index.php?rest_route=\/wp\/v2\/types\/page"}],"author":[{"embeddable":true,"href":"https:\/\/portal.aepjm.pt\/index.php?rest_route=\/wp\/v2\/users\/1"}],"replies":[{"embeddable":true,"href":"https:\/\/portal.aepjm.pt\/index.php?rest_route=%2Fwp%2Fv2%2Fcomments&post=5186"}],"version-history":[{"count":6,"href":"https:\/\/portal.aepjm.pt\/index.php?rest_route=\/wp\/v2\/pages\/5186\/revisions"}],"predecessor-version":[{"id":5202,"href":"https:\/\/portal.aepjm.pt\/index.php?rest_route=\/wp\/v2\/pages\/5186\/revisions\/5202"}],"wp:attachment":[{"href":"https:\/\/portal.aepjm.pt\/index.php?rest_route=%2Fwp%2Fv2%2Fmedia&parent=5186"}],"curies":[{"name":"wp","href":"https:\/\/api.w.org\/{rel}","templated":true}]}}