{"id":4894,"date":"2022-02-17T18:23:04","date_gmt":"2022-02-17T18:23:04","guid":{"rendered":"https:\/\/portal.aepjm.pt\/?page_id=4894"},"modified":"2025-05-30T11:48:27","modified_gmt":"2025-05-30T11:48:27","slug":"observatorio-da-qualidade","status":"publish","type":"page","link":"https:\/\/portal.aepjm.pt\/?page_id=4894","title":{"rendered":"Observat\u00f3rio da Qualidade"},"content":{"rendered":"\n<p><\/p>\n\n\n\n<p class=\"has-very-dark-gray-color has-text-color has-background\" style=\"background-color:#32b5f6;font-size:24px\"><strong><a href=\"https:\/\/portal.aepjm.pt\/?page_id=9689\" data-type=\"link\" data-id=\"https:\/\/portal.aepjm.pt\/?page_id=9689\">Avalia\u00e7\u00e3o Diagn\u00f3stica do Agrupamento \u2013 2024\/2025<\/a><\/strong><\/p>\n\n\n\n<p class=\"has-very-dark-gray-color has-text-color has-background\" style=\"background-color:#7bef93;font-size:24px\"><strong><a href=\"https:\/\/portal.aepjm.pt\/?page_id=8725\">Avalia\u00e7\u00e3o Diagn\u00f3stica do Agrupamento &#8211; 2023\/2024<\/a><\/strong><\/p>\n\n\n\n<p class=\"has-very-dark-gray-color has-text-color has-background\" style=\"background-color:#32b5f6;font-size:24px\"><a href=\"https:\/\/portal.aepjm.pt\/?page_id=7006\" target=\"_blank\" rel=\"noreferrer noopener\"><strong>Avalia\u00e7\u00e3o Diagn\u00f3stica do Agrupamento \u2013 2022\/2023<\/strong><\/a><\/p>\n\n\n\n<p class=\"has-very-dark-gray-color has-text-color has-background\" style=\"background-color:#7bef93;font-size:24px\"><a rel=\"noreferrer noopener\" href=\"https:\/\/portal.aepjm.pt\/?page_id=7004\" target=\"_blank\"><strong>Avalia\u00e7\u00e3o Diagn\u00f3stica do Agrupamento \u2013 2021\/2022<\/strong><\/a><\/p>\n\n\n\n<div id=\"section-gb245ff\" class=\"wp-block-gutentor-e1 section-gb245ff gutentor-element gutentor-element-advanced-text\"><div class=\"gutentor-text-wrap\"><p class=\"gutentor-text\"><\/p><\/div><\/div>\n\n\n\n<p><\/p>\n","protected":false},"excerpt":{"rendered":"","protected":false},"author":1,"featured_media":0,"parent":0,"menu_order":0,"comment_status":"closed","ping_status":"closed","template":"","meta":{"_exactmetrics_skip_tracking":false,"_exactmetrics_sitenote_active":false,"_exactmetrics_sitenote_note":"","_exactmetrics_sitenote_category":0,"footnotes":""},"class_list":["post-4894","page","type-page","status-publish","hentry"],"_links":{"self":[{"href":"https:\/\/portal.aepjm.pt\/index.php?rest_route=\/wp\/v2\/pages\/4894","targetHints":{"allow":["GET"]}}],"collection":[{"href":"https:\/\/portal.aepjm.pt\/index.php?rest_route=\/wp\/v2\/pages"}],"about":[{"href":"https:\/\/portal.aepjm.pt\/index.php?rest_route=\/wp\/v2\/types\/page"}],"author":[{"embeddable":true,"href":"https:\/\/portal.aepjm.pt\/index.php?rest_route=\/wp\/v2\/users\/1"}],"replies":[{"embeddable":true,"href":"https:\/\/portal.aepjm.pt\/index.php?rest_route=%2Fwp%2Fv2%2Fcomments&post=4894"}],"version-history":[{"count":27,"href":"https:\/\/portal.aepjm.pt\/index.php?rest_route=\/wp\/v2\/pages\/4894\/revisions"}],"predecessor-version":[{"id":9504,"href":"https:\/\/portal.aepjm.pt\/index.php?rest_route=\/wp\/v2\/pages\/4894\/revisions\/9504"}],"wp:attachment":[{"href":"https:\/\/portal.aepjm.pt\/index.php?rest_route=%2Fwp%2Fv2%2Fmedia&parent=4894"}],"curies":[{"name":"wp","href":"https:\/\/api.w.org\/{rel}","templated":true}]}}