{"id":4479,"date":"2022-11-18T10:13:00","date_gmt":"2022-11-18T10:13:00","guid":{"rendered":"https:\/\/portal.aepjm.pt\/?page_id=4479"},"modified":"2025-04-24T12:27:54","modified_gmt":"2025-04-24T12:27:54","slug":"provas-de-afericao-2021-2022","status":"publish","type":"page","link":"https:\/\/portal.aepjm.pt\/?page_id=4479","title":{"rendered":"Provas Monitoriza\u00e7\u00e3o da Aprendizagem"},"content":{"rendered":"\n<div class=\"wp-block-group\"><div class=\"wp-block-group__inner-container is-layout-flow wp-block-group-is-layout-flow\"><\/div><\/div>\n\n\n\n<p><\/p>\n\n\n\n<p><\/p>\n\n\n\n<p><\/p>\n\n\n\n<p class=\"has-sky-blue-background-color has-background has-medium-font-size\"><strong>Instru\u00e7\u00f5es de Realiza\u00e7\u00e3o, Cota\u00e7\u00f5es, Crit\u00e9rios, Crit\u00e9rios Gerais de Classifica\u00e7\u00e3o e Material <\/strong>(atualiza\u00e7\u00e3o)<\/p>\n\n\n\n<p><strong>Provas de Avalia\u00e7\u00e3o Externa | 2024\/2025  <\/strong><\/p>\n\n\n\n<p><strong>Para aceder \u00e0s informa\u00e7\u00f5es sobre Instru\u00e7\u00f5es de Realiza\u00e7\u00e3o, Cota\u00e7\u00f5es, Crit\u00e9rios, Crit\u00e9rios Gerais de Classifica\u00e7\u00e3o e Material, clique <a href=\"https:\/\/portal.aepjm.pt\/wp-content\/uploads\/2025\/04\/IR-Geral-2025-1.pdf\">aqui<\/a>.<\/strong><\/p>\n\n\n\n<p><\/p>\n\n\n\n<p class=\"has-light-cyan-background-color has-background has-medium-font-size\"><strong>Informa\u00e7\u00f5es Gerais<\/strong><\/p>\n\n\n\n<p>Este ano, as provas ModA (Monitoriza\u00e7\u00e3o da Aprendizagem), para os alunos de&nbsp;<strong>4\u00ba e 6\u00ba ano<\/strong>, e as provas finais do ensino b\u00e1sico, para o&nbsp;<strong>9\u00ba ano<\/strong>, decorrem em suporte digital.<\/p>\n\n\n\n<p>Durante o m\u00eas de fevereiro ir\u00e3o realizar-se provas-ensaio para estas provas, de modo a que&nbsp;os&nbsp;alunos se possam familiarizar com o suporte digital em contexto de avalia\u00e7\u00e3o.<\/p>\n\n\n\n<p><strong>Aplica\u00e7\u00e3o para a realiza\u00e7\u00e3o das Provas<\/strong><\/p>\n\n\n\n<p>Informamos assim que,&nbsp;de acordo com&nbsp;orienta\u00e7\u00f5es&nbsp;do J\u00fari Nacional de Exames,&nbsp;<strong>a realiza\u00e7\u00e3o das&nbsp;Provas-ensaio implica&nbsp;a instala\u00e7\u00e3o&nbsp;da aplica\u00e7\u00e3o<\/strong>&nbsp;&nbsp;<strong>Provas IAVE&nbsp;<\/strong>&nbsp;nos computadores dos alunos que ir\u00e3o realizar&nbsp;estas provas (4\u00ba, 6\u00ba e 9\u00ba anos).<\/p>\n\n\n\n<p><strong>Destacamos a import\u00e2ncia da instala\u00e7\u00e3o desta aplica\u00e7\u00e3o nos computadores dos alunos antes do dia da realiza\u00e7\u00e3o da primeira prova escrita:<\/strong><\/p>\n\n\n\n<ul class=\"wp-block-list\">\n<li>4\u00ba ano &#8211; at\u00e9 ao dia&nbsp;10 de fevereiro<\/li>\n\n\n\n<li>6\u00ba ano &#8211; at\u00e9 ao dia&nbsp;11 de fevereiro<\/li>\n\n\n\n<li>9\u00ba ano &#8211; at\u00e9 ao dia 9 de fevereiro<\/li>\n<\/ul>\n\n\n\n<p>Os alunos e EE que frequentam estes anos de escolaridade podem ver aqui todas as informa\u00e7\u00f5es necess\u00e1rias para a realiza\u00e7\u00e3o das provas.<\/p>\n\n\n\n<p><\/p>\n\n\n\n<p class=\"has-light-cyan-background-color has-background has-medium-font-size\"><strong>Instala\u00e7\u00e3o do Programa<\/strong><\/p>\n\n\n\n<p><\/p>\n\n\n\n<p>Para instalar a aplica\u00e7\u00e3o Provas IAVE:<\/p>\n\n\n\n<ol class=\"wp-block-list\">\n<li>Fazer download da app, de acordo com o sistema operativo (os computadores dos kits&nbsp;t\u00eam Windows)<\/li>\n\n\n\n<li>Instalar a app<\/li>\n<\/ol>\n\n\n\n<p><strong>1. Download &#8211; Liga\u00e7\u00f5es para&nbsp;o instalador da aplica\u00e7\u00e3o, de acordo com o Sistema Operativo:&nbsp;<\/strong><\/p>\n\n\n\n<p><strong>Windows:&nbsp;<\/strong><a href=\"https:\/\/assets.iave.pt\/production\/apps\/intuitivo-app\/v0.0.11\/Provas+IAVE-0.0.11.exe\" target=\"_blank\" rel=\"noreferrer noopener\">https:\/\/assets.iave.pt\/production\/apps\/intuitivo-app\/v0.0.11\/Provas+IAVE-0.0.11.exe<\/a>&nbsp;(176 MB)<\/p>\n\n\n\n<p><\/p>\n\n\n\n<p><\/p>\n\n\n\n<p>Manual de instala\u00e7\u00e3o da APP &#8211; (<a href=\"https:\/\/portal.aepjm.pt\/wp-content\/uploads\/2025\/02\/app_manual_2025.pdf\">consulte aqui<\/a>)<\/p>\n\n\n\n<p><\/p>\n\n\n\n<p class=\"has-dark-orange-background-color has-background has-medium-font-size\"><strong>Calendariza\u00e7\u00e3o<\/strong><\/p>\n\n\n\n<p class=\"has-tomato-color has-text-color has-link-color wp-elements-306b529c523ced7c177b3fdfb9596c6a\"><\/p>\n\n\n\n<p>A conce\u00e7\u00e3o das provas de avalia\u00e7\u00e3o externa para o ano letivo de 2024\/2025 \u00e9 da responsabilidade<br>do IAVE, I.P. (doravante IAVE), de acordo com a Carta de Solicita\u00e7\u00e3o n.\u00ba 1\/2024, de 24 de julho<br>(consultar aqui). O presente documento divulga informa\u00e7\u00e3o relativa \u00e0s provas de avalia\u00e7\u00e3o externa das<br>aprendizagens dos alunos dos ensinos b\u00e1sico e secund\u00e1rio, nomeadamente:<br>a) Provas de Monitoriza\u00e7\u00e3o da Aprendizagem (ModA), nos 4.\u00ba e 6.\u00ba anos de escolaridade;<br>b) Provas finais do ensino b\u00e1sico, no 9.\u00ba ano de escolaridade;<br>c) Exames finais nacionais do ensino secund\u00e1rio.<\/p>\n\n\n\n<p>Consultar o documento <a href=\"https:\/\/iave.pt\/wp-content\/uploads\/2024\/12\/IP-Geral-2025_2_dez.pdf\">aqui.<\/a><\/p>\n\n\n\n<p><\/p>\n\n\n\n<p><\/p>\n\n\n\n<p><\/p>\n\n\n\n<figure class=\"wp-block-image size-large is-resized\"><img loading=\"lazy\" decoding=\"async\" width=\"1024\" height=\"678\" src=\"https:\/\/portal.aepjm.pt\/wp-content\/uploads\/2025\/01\/image-7-1024x678.png\" alt=\"\" class=\"wp-image-9345\" style=\"width:663px;height:auto\" srcset=\"https:\/\/portal.aepjm.pt\/wp-content\/uploads\/2025\/01\/image-7-1024x678.png 1024w, https:\/\/portal.aepjm.pt\/wp-content\/uploads\/2025\/01\/image-7-300x199.png 300w, https:\/\/portal.aepjm.pt\/wp-content\/uploads\/2025\/01\/image-7-768x509.png 768w, https:\/\/portal.aepjm.pt\/wp-content\/uploads\/2025\/01\/image-7.png 1215w\" sizes=\"auto, (max-width: 1024px) 100vw, 1024px\" \/><\/figure>\n\n\n\n<div class=\"wp-block-columns is-layout-flex wp-container-core-columns-is-layout-9d6595d7 wp-block-columns-is-layout-flex\">\n<div class=\"wp-block-column is-layout-flow wp-block-column-is-layout-flow\" style=\"flex-basis:100%\"><\/div>\n<\/div>\n\n\n\n<div class=\"wp-block-group\"><div class=\"wp-block-group__inner-container is-layout-flow wp-block-group-is-layout-flow\">\n<div class=\"wp-block-columns is-layout-flex wp-container-core-columns-is-layout-9d6595d7 wp-block-columns-is-layout-flex\">\n<div class=\"wp-block-column is-layout-flow wp-block-column-is-layout-flow\" style=\"flex-basis:100%\">\n<div class=\"wp-block-columns is-layout-flex wp-container-core-columns-is-layout-9d6595d7 wp-block-columns-is-layout-flex\">\n<div class=\"wp-block-column is-layout-flow wp-block-column-is-layout-flow\" style=\"flex-basis:33.34%\">\n<div class=\"wp-block-group\"><div class=\"wp-block-group__inner-container is-layout-flow wp-block-group-is-layout-flow\">\n<div class=\"wp-block-columns is-layout-flex wp-container-core-columns-is-layout-9d6595d7 wp-block-columns-is-layout-flex\">\n<div class=\"wp-block-column is-layout-flow wp-block-column-is-layout-flow\" style=\"flex-basis:100%\"><\/div>\n<\/div>\n<\/div><\/div>\n<\/div>\n\n\n\n<div class=\"wp-block-column is-layout-flow wp-block-column-is-layout-flow\" style=\"flex-basis:33.34%\">\n<div class=\"wp-block-columns is-layout-flex wp-container-core-columns-is-layout-9d6595d7 wp-block-columns-is-layout-flex\">\n<div class=\"wp-block-column is-layout-flow wp-block-column-is-layout-flow\" style=\"flex-basis:100%\">\n<p class=\"has-text-align-center\"><\/p>\n<\/div>\n<\/div>\n<\/div>\n\n\n\n<div class=\"wp-block-column is-layout-flow wp-block-column-is-layout-flow\" style=\"flex-basis:33.33%\">\n<div class=\"wp-block-columns is-layout-flex wp-container-core-columns-is-layout-9d6595d7 wp-block-columns-is-layout-flex\">\n<div class=\"wp-block-column is-layout-flow wp-block-column-is-layout-flow\" style=\"flex-basis:100%\">\n<p><\/p>\n<\/div>\n<\/div>\n<\/div>\n<\/div>\n\n\n\n<p class=\"has-text-align-center\"><\/p>\n<\/div>\n<\/div>\n<\/div><\/div>\n\n\n\n<figure class=\"wp-block-gallery has-nested-images columns-default is-cropped wp-block-gallery-1 is-layout-flex wp-block-gallery-is-layout-flex\"><\/figure>\n\n\n\n\n","protected":false},"excerpt":{"rendered":"<p>Instru\u00e7\u00f5es de Realiza\u00e7\u00e3o, Cota\u00e7\u00f5es, Crit\u00e9rios, Crit\u00e9rios Gerais de Classifica\u00e7\u00e3o e Material (atualiza\u00e7\u00e3o) Provas de Avalia\u00e7\u00e3o Externa | 2024\/2025 Para aceder \u00e0s informa\u00e7\u00f5es sobre Instru\u00e7\u00f5es de Realiza\u00e7\u00e3o, Cota\u00e7\u00f5es, Crit\u00e9rios, Crit\u00e9rios Gerais de Classifica\u00e7\u00e3o e Material, clique aqui. Informa\u00e7\u00f5es Gerais Este ano, as provas ModA (Monitoriza\u00e7\u00e3o da Aprendizagem), para os alunos de&nbsp;4\u00ba e 6\u00ba ano, e as [&hellip;]<\/p>\n","protected":false},"author":1,"featured_media":0,"parent":0,"menu_order":0,"comment_status":"closed","ping_status":"closed","template":"","meta":{"_exactmetrics_skip_tracking":false,"_exactmetrics_sitenote_active":false,"_exactmetrics_sitenote_note":"","_exactmetrics_sitenote_category":0,"footnotes":""},"class_list":["post-4479","page","type-page","status-publish","hentry"],"_links":{"self":[{"href":"https:\/\/portal.aepjm.pt\/index.php?rest_route=\/wp\/v2\/pages\/4479","targetHints":{"allow":["GET"]}}],"collection":[{"href":"https:\/\/portal.aepjm.pt\/index.php?rest_route=\/wp\/v2\/pages"}],"about":[{"href":"https:\/\/portal.aepjm.pt\/index.php?rest_route=\/wp\/v2\/types\/page"}],"author":[{"embeddable":true,"href":"https:\/\/portal.aepjm.pt\/index.php?rest_route=\/wp\/v2\/users\/1"}],"replies":[{"embeddable":true,"href":"https:\/\/portal.aepjm.pt\/index.php?rest_route=%2Fwp%2Fv2%2Fcomments&post=4479"}],"version-history":[{"count":49,"href":"https:\/\/portal.aepjm.pt\/index.php?rest_route=\/wp\/v2\/pages\/4479\/revisions"}],"predecessor-version":[{"id":9590,"href":"https:\/\/portal.aepjm.pt\/index.php?rest_route=\/wp\/v2\/pages\/4479\/revisions\/9590"}],"wp:attachment":[{"href":"https:\/\/portal.aepjm.pt\/index.php?rest_route=%2Fwp%2Fv2%2Fmedia&parent=4479"}],"curies":[{"name":"wp","href":"https:\/\/api.w.org\/{rel}","templated":true}]}}