{"id":4289,"date":"2021-10-26T11:07:39","date_gmt":"2021-10-26T11:07:39","guid":{"rendered":"https:\/\/portal.aepjm.pt\/?page_id=4289"},"modified":"2024-10-08T14:03:42","modified_gmt":"2024-10-08T14:03:42","slug":"2-o-ciclo-perfil-de-aprendizagem-do-aluno","status":"publish","type":"page","link":"https:\/\/portal.aepjm.pt\/?page_id=4289","title":{"rendered":"2.\u00ba Ciclo &#8211; Perfil de Aprendizagem do Aluno"},"content":{"rendered":"\n<p><strong>Cidadania e Desenvolvimento<\/strong><\/p>\n\n\n\n<p><strong><a href=\"https:\/\/portal.aepjm.pt\/wp-content\/uploads\/2024\/10\/Perfil-de-aprendizagem-CN_2024-2025.pdf\">Ci\u00eancias Naturais<\/a><\/strong><\/p>\n\n\n\n<p><strong><a href=\"https:\/\/portal.aepjm.pt\/wp-content\/uploads\/2024\/09\/EF-2oCiclo-Perfil-de-Aprendizagens-24-25.pdf\">Educa\u00e7\u00e3o F\u00edsica<\/a><\/strong><\/p>\n\n\n\n<p><strong><a href=\"https:\/\/portal.aepjm.pt\/wp-content\/uploads\/2024\/09\/Perfil-de-aprendizagem-2024_2025_EM.docx.pdf\">Educa\u00e7\u00e3o Musical<\/a><\/strong><\/p>\n\n\n\n<p><strong><a href=\"https:\/\/portal.aepjm.pt\/wp-content\/uploads\/2024\/09\/ET-PERFIL-DE-APZ-24-25.pdf\">Educa\u00e7\u00e3o Tecnol\u00f3gica<\/a><\/strong><\/p>\n\n\n\n<p><strong><a href=\"https:\/\/portal.aepjm.pt\/wp-content\/uploads\/2024\/09\/PERFIL-DE-APRENDIZAGEM_EV_2oCICLO-24-25.pdf\">Educa\u00e7\u00e3o Visual<\/a><\/strong><\/p>\n\n\n\n<p><strong><a href=\"https:\/\/portal.aepjm.pt\/wp-content\/uploads\/2024\/09\/Perfil-de-Aprendizagem-2o-Ciclo-HGP.pdf\">Hist\u00f3ria e Geografia de Portugal<\/a><\/strong><\/p>\n\n\n\n<p><strong><a href=\"https:\/\/portal.aepjm.pt\/wp-content\/uploads\/2024\/09\/Perfil-de-aprendizagem-Ingles-2oCiclo-24-25.pdf\">Ingl\u00eas<\/a><\/strong><\/p>\n\n\n\n<p><strong>Matem\u00e1tica<\/strong><\/p>\n\n\n\n<p><strong><a href=\"https:\/\/portal.aepjm.pt\/wp-content\/uploads\/2024\/09\/Perfil-de-aprendizagem_Portugues_-2oCiclo-24_25.pdf\">Portugu\u00eas<\/a><\/strong><\/p>\n\n\n\n<p><strong><a href=\"https:\/\/portal.aepjm.pt\/wp-content\/uploads\/2024\/09\/Perfil-Aprendizagem_PLNM_A1_A2.pdf\">Portugu\u00eas L\u00edngua N\u00e3o Materna<\/a><\/strong><\/p>\n\n\n\n<p><strong><a href=\"https:\/\/portal.aepjm.pt\/wp-content\/uploads\/2024\/10\/Perfil-de-aprendizagem-TIC-2024_2025.pdf\">Tecnologias de Informa\u00e7\u00e3o e Comunica\u00e7\u00e3o<\/a><\/strong><\/p>\n","protected":false},"excerpt":{"rendered":"<p>Cidadania e Desenvolvimento Ci\u00eancias Naturais Educa\u00e7\u00e3o F\u00edsica Educa\u00e7\u00e3o Musical Educa\u00e7\u00e3o Tecnol\u00f3gica Educa\u00e7\u00e3o Visual Hist\u00f3ria e Geografia de Portugal Ingl\u00eas Matem\u00e1tica Portugu\u00eas Portugu\u00eas L\u00edngua N\u00e3o Materna Tecnologias de Informa\u00e7\u00e3o e Comunica\u00e7\u00e3o<\/p>\n","protected":false},"author":1,"featured_media":0,"parent":0,"menu_order":0,"comment_status":"closed","ping_status":"closed","template":"","meta":{"_exactmetrics_skip_tracking":false,"_exactmetrics_sitenote_active":false,"_exactmetrics_sitenote_note":"","_exactmetrics_sitenote_category":0,"footnotes":""},"class_list":["post-4289","page","type-page","status-publish","hentry"],"_links":{"self":[{"href":"https:\/\/portal.aepjm.pt\/index.php?rest_route=\/wp\/v2\/pages\/4289","targetHints":{"allow":["GET"]}}],"collection":[{"href":"https:\/\/portal.aepjm.pt\/index.php?rest_route=\/wp\/v2\/pages"}],"about":[{"href":"https:\/\/portal.aepjm.pt\/index.php?rest_route=\/wp\/v2\/types\/page"}],"author":[{"embeddable":true,"href":"https:\/\/portal.aepjm.pt\/index.php?rest_route=\/wp\/v2\/users\/1"}],"replies":[{"embeddable":true,"href":"https:\/\/portal.aepjm.pt\/index.php?rest_route=%2Fwp%2Fv2%2Fcomments&post=4289"}],"version-history":[{"count":38,"href":"https:\/\/portal.aepjm.pt\/index.php?rest_route=\/wp\/v2\/pages\/4289\/revisions"}],"predecessor-version":[{"id":9220,"href":"https:\/\/portal.aepjm.pt\/index.php?rest_route=\/wp\/v2\/pages\/4289\/revisions\/9220"}],"wp:attachment":[{"href":"https:\/\/portal.aepjm.pt\/index.php?rest_route=%2Fwp%2Fv2%2Fmedia&parent=4289"}],"curies":[{"name":"wp","href":"https:\/\/api.w.org\/{rel}","templated":true}]}}