{"id":3861,"date":"2021-06-08T13:48:11","date_gmt":"2021-06-08T13:48:11","guid":{"rendered":"https:\/\/portal.aepjm.pt\/?page_id=3861"},"modified":"2021-06-08T13:51:10","modified_gmt":"2021-06-08T13:51:10","slug":"escolas-magalhanicas","status":"publish","type":"page","link":"https:\/\/portal.aepjm.pt\/?page_id=3861","title":{"rendered":"Escolas Magalh\u00e2nicas"},"content":{"rendered":"\n<p>Lan\u00e7amento do <strong>Projeto das Escolas Magalh\u00e2nicas<\/strong>, no <strong>Agrupamento de Escolas Pedro Jacques de Magalh\u00e3es<\/strong>, no \u00e2mbito das Comemora\u00e7\u00f5es do V centen\u00e1rio da\u00a0Viagem de Circum-navega\u00e7\u00e3o de Fern\u00e3o de Magalh\u00e3es.<\/p>\n\n\n\n<figure class=\"wp-block-embed is-type-video is-provider-youtube wp-block-embed-youtube wp-embed-aspect-16-9 wp-has-aspect-ratio\"><div class=\"wp-block-embed__wrapper\">\n<iframe loading=\"lazy\" title=\"Projeto Escolas Magalh\u00e2nicas\" width=\"640\" height=\"360\" src=\"https:\/\/www.youtube.com\/embed\/kDL27xpDivg?feature=oembed\" frameborder=\"0\" allow=\"accelerometer; autoplay; clipboard-write; encrypted-media; gyroscope; picture-in-picture; web-share\" referrerpolicy=\"strict-origin-when-cross-origin\" allowfullscreen><\/iframe>\n<\/div><\/figure>\n\n\n\n<p><\/p>\n","protected":false},"excerpt":{"rendered":"<p>Lan\u00e7amento do Projeto das Escolas Magalh\u00e2nicas, no Agrupamento de Escolas Pedro Jacques de Magalh\u00e3es, no \u00e2mbito das Comemora\u00e7\u00f5es do V centen\u00e1rio da\u00a0Viagem de Circum-navega\u00e7\u00e3o de Fern\u00e3o de Magalh\u00e3es.<\/p>\n","protected":false},"author":1,"featured_media":0,"parent":0,"menu_order":0,"comment_status":"closed","ping_status":"closed","template":"","meta":{"_exactmetrics_skip_tracking":false,"_exactmetrics_sitenote_active":false,"_exactmetrics_sitenote_note":"","_exactmetrics_sitenote_category":0,"footnotes":""},"class_list":["post-3861","page","type-page","status-publish","hentry"],"_links":{"self":[{"href":"https:\/\/portal.aepjm.pt\/index.php?rest_route=\/wp\/v2\/pages\/3861","targetHints":{"allow":["GET"]}}],"collection":[{"href":"https:\/\/portal.aepjm.pt\/index.php?rest_route=\/wp\/v2\/pages"}],"about":[{"href":"https:\/\/portal.aepjm.pt\/index.php?rest_route=\/wp\/v2\/types\/page"}],"author":[{"embeddable":true,"href":"https:\/\/portal.aepjm.pt\/index.php?rest_route=\/wp\/v2\/users\/1"}],"replies":[{"embeddable":true,"href":"https:\/\/portal.aepjm.pt\/index.php?rest_route=%2Fwp%2Fv2%2Fcomments&post=3861"}],"version-history":[{"count":3,"href":"https:\/\/portal.aepjm.pt\/index.php?rest_route=\/wp\/v2\/pages\/3861\/revisions"}],"predecessor-version":[{"id":3865,"href":"https:\/\/portal.aepjm.pt\/index.php?rest_route=\/wp\/v2\/pages\/3861\/revisions\/3865"}],"wp:attachment":[{"href":"https:\/\/portal.aepjm.pt\/index.php?rest_route=%2Fwp%2Fv2%2Fmedia&parent=3861"}],"curies":[{"name":"wp","href":"https:\/\/api.w.org\/{rel}","templated":true}]}}