{"id":3581,"date":"2021-04-22T15:03:44","date_gmt":"2021-04-22T15:03:44","guid":{"rendered":"https:\/\/portal.aepjm.pt\/?page_id=3581"},"modified":"2022-05-30T21:20:26","modified_gmt":"2022-05-30T21:20:26","slug":"iniciacao-a-programacao","status":"publish","type":"page","link":"https:\/\/portal.aepjm.pt\/?page_id=3581","title":{"rendered":"Inicia\u00e7\u00e3o \u00e0 Programa\u00e7\u00e3o"},"content":{"rendered":"\n<p>No \u00e2mbito do <strong>Pensamento Computacional<\/strong>, os alunos realizaram diversas atividades para perceberem como funciona a l\u00f3gica do mundo digital, como por exemplo,<strong> a linguagem bin\u00e1ria e a dete\u00e7\u00e3o e corre\u00e7\u00e3o de erros<\/strong>.<\/p>\n\n\n\n<figure class=\"wp-block-gallery columns-3 is-cropped wp-block-gallery-1 is-layout-flex wp-block-gallery-is-layout-flex\"><ul class=\"blocks-gallery-grid\"><li class=\"blocks-gallery-item\"><figure><img loading=\"lazy\" decoding=\"async\" width=\"1024\" height=\"768\" src=\"https:\/\/portal.aepjm.pt\/wp-content\/uploads\/2021\/04\/Pensamento-Computacional_Codigo-Binario-2-1024x768.jpg\" alt=\"\" data-id=\"3582\" data-link=\"https:\/\/portal.aepjm.pt\/?attachment_id=3582\" class=\"wp-image-3582\" srcset=\"https:\/\/portal.aepjm.pt\/wp-content\/uploads\/2021\/04\/Pensamento-Computacional_Codigo-Binario-2-1024x768.jpg 1024w, https:\/\/portal.aepjm.pt\/wp-content\/uploads\/2021\/04\/Pensamento-Computacional_Codigo-Binario-2-300x225.jpg 300w, https:\/\/portal.aepjm.pt\/wp-content\/uploads\/2021\/04\/Pensamento-Computacional_Codigo-Binario-2-768x576.jpg 768w, https:\/\/portal.aepjm.pt\/wp-content\/uploads\/2021\/04\/Pensamento-Computacional_Codigo-Binario-2.jpg 1280w\" sizes=\"auto, (max-width: 1024px) 100vw, 1024px\" \/><\/figure><\/li><li class=\"blocks-gallery-item\"><figure><img loading=\"lazy\" decoding=\"async\" width=\"1024\" height=\"768\" src=\"https:\/\/portal.aepjm.pt\/wp-content\/uploads\/2021\/04\/Pensamento-Computacional_Codigo-Binario-1024x768.jpg\" alt=\"\" data-id=\"3583\" data-link=\"https:\/\/portal.aepjm.pt\/?attachment_id=3583\" class=\"wp-image-3583\" srcset=\"https:\/\/portal.aepjm.pt\/wp-content\/uploads\/2021\/04\/Pensamento-Computacional_Codigo-Binario-1024x768.jpg 1024w, https:\/\/portal.aepjm.pt\/wp-content\/uploads\/2021\/04\/Pensamento-Computacional_Codigo-Binario-300x225.jpg 300w, https:\/\/portal.aepjm.pt\/wp-content\/uploads\/2021\/04\/Pensamento-Computacional_Codigo-Binario-768x576.jpg 768w, https:\/\/portal.aepjm.pt\/wp-content\/uploads\/2021\/04\/Pensamento-Computacional_Codigo-Binario.jpg 1280w\" sizes=\"auto, (max-width: 1024px) 100vw, 1024px\" \/><\/figure><\/li><li class=\"blocks-gallery-item\"><figure><img loading=\"lazy\" decoding=\"async\" width=\"1024\" height=\"768\" src=\"https:\/\/portal.aepjm.pt\/wp-content\/uploads\/2021\/04\/Pensamento-Computacional-Detecao-e-Corrercao-de-Erros-1024x768.jpg\" alt=\"\" data-id=\"3584\" data-link=\"https:\/\/portal.aepjm.pt\/?attachment_id=3584\" class=\"wp-image-3584\" srcset=\"https:\/\/portal.aepjm.pt\/wp-content\/uploads\/2021\/04\/Pensamento-Computacional-Detecao-e-Corrercao-de-Erros-1024x768.jpg 1024w, https:\/\/portal.aepjm.pt\/wp-content\/uploads\/2021\/04\/Pensamento-Computacional-Detecao-e-Corrercao-de-Erros-300x225.jpg 300w, https:\/\/portal.aepjm.pt\/wp-content\/uploads\/2021\/04\/Pensamento-Computacional-Detecao-e-Corrercao-de-Erros-768x576.jpg 768w, https:\/\/portal.aepjm.pt\/wp-content\/uploads\/2021\/04\/Pensamento-Computacional-Detecao-e-Corrercao-de-Erros.jpg 1280w\" sizes=\"auto, (max-width: 1024px) 100vw, 1024px\" \/><\/figure><\/li><\/ul><figcaption class=\"blocks-gallery-caption\">Pensamento Computacional<\/figcaption><\/figure>\n\n\n\n<div style=\"height:100px\" aria-hidden=\"true\" class=\"wp-block-spacer\"><\/div>\n\n\n\n<figure class=\"wp-block-embed aligncenter is-type-wp-embed is-provider-aepjm wp-block-embed-aepjm\"><div class=\"wp-block-embed__wrapper\">\n<blockquote class=\"wp-embedded-content\" data-secret=\"r8H9dRWIIV\"><a href=\"https:\/\/portal.aepjm.pt\/?p=5592\">MicroBit com sensor de humidade<\/a><\/blockquote><iframe loading=\"lazy\" class=\"wp-embedded-content\" sandbox=\"allow-scripts\" security=\"restricted\" style=\"position: absolute; clip: rect(1px, 1px, 1px, 1px);\" title=\"&#8220;MicroBit com sensor de humidade&#8221; &#8212; AEPJM\" src=\"https:\/\/portal.aepjm.pt\/?p=5592&#038;embed=true#?secret=Y10x6LhrKt#?secret=r8H9dRWIIV\" data-secret=\"r8H9dRWIIV\" width=\"600\" height=\"338\" frameborder=\"0\" marginwidth=\"0\" marginheight=\"0\" scrolling=\"no\"><\/iframe>\n<\/div><\/figure>\n\n\n\n<figure class=\"wp-block-embed is-type-wp-embed is-provider-aepjm wp-block-embed-aepjm\"><div class=\"wp-block-embed__wrapper\">\n<blockquote class=\"wp-embedded-content\" data-secret=\"80JvCdjgVt\"><a href=\"https:\/\/portal.aepjm.pt\/?p=5250\">Scratch J\u00fanior &#8211; 1.\u00ba Ciclo<\/a><\/blockquote><iframe loading=\"lazy\" class=\"wp-embedded-content\" sandbox=\"allow-scripts\" security=\"restricted\" style=\"position: absolute; clip: rect(1px, 1px, 1px, 1px);\" title=\"&#8220;Scratch J\u00fanior &#8211; 1.\u00ba Ciclo&#8221; &#8212; AEPJM\" src=\"https:\/\/portal.aepjm.pt\/?p=5250&#038;embed=true#?secret=b7vKhKqUdy#?secret=80JvCdjgVt\" data-secret=\"80JvCdjgVt\" width=\"600\" height=\"338\" frameborder=\"0\" marginwidth=\"0\" marginheight=\"0\" scrolling=\"no\"><\/iframe>\n<\/div><\/figure>\n\n\n\n<figure class=\"wp-block-embed is-type-wp-embed is-provider-aepjm wp-block-embed-aepjm\"><div class=\"wp-block-embed__wrapper\">\n<blockquote class=\"wp-embedded-content\" data-secret=\"o55toDCBpA\"><a href=\"https:\/\/portal.aepjm.pt\/?p=5232\">Pensamento Computacional no 1.\u00ba Ciclo<\/a><\/blockquote><iframe loading=\"lazy\" class=\"wp-embedded-content\" sandbox=\"allow-scripts\" security=\"restricted\" style=\"position: absolute; clip: rect(1px, 1px, 1px, 1px);\" title=\"&#8220;Pensamento Computacional no 1.\u00ba Ciclo&#8221; &#8212; AEPJM\" src=\"https:\/\/portal.aepjm.pt\/?p=5232&#038;embed=true#?secret=RRnMFMTCOS#?secret=o55toDCBpA\" data-secret=\"o55toDCBpA\" width=\"600\" height=\"338\" frameborder=\"0\" marginwidth=\"0\" marginheight=\"0\" scrolling=\"no\"><\/iframe>\n<\/div><\/figure>\n\n\n\n<figure class=\"wp-block-embed is-type-wp-embed is-provider-aepjm wp-block-embed-aepjm\"><div class=\"wp-block-embed__wrapper\">\n<blockquote class=\"wp-embedded-content\" data-secret=\"eeD6LjXeHa\"><a href=\"https:\/\/portal.aepjm.pt\/?p=4654\">Code Club<\/a><\/blockquote><iframe loading=\"lazy\" class=\"wp-embedded-content\" sandbox=\"allow-scripts\" security=\"restricted\" style=\"position: absolute; clip: rect(1px, 1px, 1px, 1px);\" title=\"&#8220;Code Club&#8221; &#8212; AEPJM\" src=\"https:\/\/portal.aepjm.pt\/?p=4654&#038;embed=true#?secret=p6fiIrF3Kf#?secret=eeD6LjXeHa\" data-secret=\"eeD6LjXeHa\" width=\"600\" height=\"338\" frameborder=\"0\" marginwidth=\"0\" marginheight=\"0\" scrolling=\"no\"><\/iframe>\n<\/div><\/figure>\n\n\n\n<div style=\"height:100px\" aria-hidden=\"true\" class=\"wp-block-spacer\"><\/div>\n\n\n\n<div class=\"wp-block-media-text alignwide is-stacked-on-mobile is-vertically-aligned-top has-background\" style=\"background-color:#cee8f8;grid-template-columns:29% auto\"><figure class=\"wp-block-media-text__media\"><a href=\"https:\/\/studio.code.org\/s\/oceans\/lessons\/1\/levels\/1\" target=\"_blank\" rel=\"noopener\"><img loading=\"lazy\" decoding=\"async\" width=\"376\" height=\"554\" src=\"https:\/\/portal.aepjm.pt\/wp-content\/uploads\/2021\/04\/AI-Learning.png\" alt=\"\" class=\"wp-image-3597 size-full\" srcset=\"https:\/\/portal.aepjm.pt\/wp-content\/uploads\/2021\/04\/AI-Learning.png 376w, https:\/\/portal.aepjm.pt\/wp-content\/uploads\/2021\/04\/AI-Learning-204x300.png 204w\" sizes=\"auto, (max-width: 376px) 100vw, 376px\" \/><\/a><\/figure><div class=\"wp-block-media-text__content\">\n<div style=\"height:22px\" aria-hidden=\"true\" class=\"wp-block-spacer\"><\/div>\n\n\n\n<p class=\"has-text-align-center has-black-color has-text-color has-large-font-size\"><strong>Intelig\u00eancia Artificial<\/strong><\/p>\n\n\n\n<div class=\"wp-block-group\"><div class=\"wp-block-group__inner-container is-layout-flow wp-block-group-is-layout-flow\">\n<pre id=\"tw-target-text\" class=\"wp-block-preformatted\" style=\"font-size:15px\">Os alunos realizaram algumas atividades sobre <strong>Intelig\u00eancia Artificial<\/strong>. Como a m\u00e1quina aprende? Saiba mais sobre dados de treinamento e tend\u00eancias e como a <strong>IA<\/strong> pode resolver os  problemas mundiais. <a rel=\"noreferrer noopener\" href=\"https:\/\/studio.code.org\/s\/oceans\/lessons\/1\/levels\/1\" target=\"_blank\">Experimente aqui<\/a>!<\/pre>\n\n\n\n<p><\/p>\n<\/div><\/div>\n\n\n\n<div class=\"wp-block-image\"><figure class=\"aligncenter size-large\"><img loading=\"lazy\" decoding=\"async\" width=\"308\" height=\"401\" src=\"https:\/\/portal.aepjm.pt\/wp-content\/uploads\/2021\/04\/IA-Oceanos-1.png\" alt=\"\" class=\"wp-image-3593\" srcset=\"https:\/\/portal.aepjm.pt\/wp-content\/uploads\/2021\/04\/IA-Oceanos-1.png 308w, https:\/\/portal.aepjm.pt\/wp-content\/uploads\/2021\/04\/IA-Oceanos-1-230x300.png 230w\" sizes=\"auto, (max-width: 308px) 100vw, 308px\" \/><\/figure><\/div>\n<\/div><\/div>\n\n\n\n<figure class=\"wp-block-gallery columns-2 is-cropped wp-block-gallery-2 is-layout-flex wp-block-gallery-is-layout-flex\"><ul class=\"blocks-gallery-grid\"><li class=\"blocks-gallery-item\"><figure><img loading=\"lazy\" decoding=\"async\" width=\"1024\" height=\"768\" src=\"https:\/\/portal.aepjm.pt\/wp-content\/uploads\/2021\/04\/Hora-do-Codigo_Inteligencia-Artificial-1-1024x768.jpg\" alt=\"\" data-id=\"3586\" data-link=\"https:\/\/portal.aepjm.pt\/?attachment_id=3586\" class=\"wp-image-3586\" srcset=\"https:\/\/portal.aepjm.pt\/wp-content\/uploads\/2021\/04\/Hora-do-Codigo_Inteligencia-Artificial-1-1024x768.jpg 1024w, https:\/\/portal.aepjm.pt\/wp-content\/uploads\/2021\/04\/Hora-do-Codigo_Inteligencia-Artificial-1-300x225.jpg 300w, https:\/\/portal.aepjm.pt\/wp-content\/uploads\/2021\/04\/Hora-do-Codigo_Inteligencia-Artificial-1-768x576.jpg 768w, https:\/\/portal.aepjm.pt\/wp-content\/uploads\/2021\/04\/Hora-do-Codigo_Inteligencia-Artificial-1.jpg 1280w\" sizes=\"auto, (max-width: 1024px) 100vw, 1024px\" \/><\/figure><\/li><li class=\"blocks-gallery-item\"><figure><img loading=\"lazy\" decoding=\"async\" width=\"1024\" height=\"768\" src=\"https:\/\/portal.aepjm.pt\/wp-content\/uploads\/2021\/04\/Hora-do-Codigo_Inteligencia-Artificial-3-1024x768.jpg\" alt=\"\" data-id=\"3596\" data-full-url=\"https:\/\/portal.aepjm.pt\/wp-content\/uploads\/2021\/04\/Hora-do-Codigo_Inteligencia-Artificial-3.jpg\" data-link=\"https:\/\/portal.aepjm.pt\/?attachment_id=3596\" class=\"wp-image-3596\" srcset=\"https:\/\/portal.aepjm.pt\/wp-content\/uploads\/2021\/04\/Hora-do-Codigo_Inteligencia-Artificial-3-1024x768.jpg 1024w, https:\/\/portal.aepjm.pt\/wp-content\/uploads\/2021\/04\/Hora-do-Codigo_Inteligencia-Artificial-3-300x225.jpg 300w, https:\/\/portal.aepjm.pt\/wp-content\/uploads\/2021\/04\/Hora-do-Codigo_Inteligencia-Artificial-3-768x576.jpg 768w, https:\/\/portal.aepjm.pt\/wp-content\/uploads\/2021\/04\/Hora-do-Codigo_Inteligencia-Artificial-3.jpg 1280w\" sizes=\"auto, (max-width: 1024px) 100vw, 1024px\" \/><\/figure><\/li><\/ul><figcaption class=\"blocks-gallery-caption\"><strong>Intelig\u00eancia Artificial<\/strong><\/figcaption><\/figure>\n","protected":false},"excerpt":{"rendered":"<p>No \u00e2mbito do Pensamento Computacional, os alunos realizaram diversas atividades para perceberem como funciona a l\u00f3gica do mundo digital, como por exemplo, a linguagem bin\u00e1ria e a dete\u00e7\u00e3o e corre\u00e7\u00e3o de erros.<\/p>\n","protected":false},"author":1,"featured_media":0,"parent":0,"menu_order":0,"comment_status":"closed","ping_status":"closed","template":"","meta":{"_exactmetrics_skip_tracking":false,"_exactmetrics_sitenote_active":false,"_exactmetrics_sitenote_note":"","_exactmetrics_sitenote_category":0,"footnotes":""},"class_list":["post-3581","page","type-page","status-publish","hentry"],"_links":{"self":[{"href":"https:\/\/portal.aepjm.pt\/index.php?rest_route=\/wp\/v2\/pages\/3581","targetHints":{"allow":["GET"]}}],"collection":[{"href":"https:\/\/portal.aepjm.pt\/index.php?rest_route=\/wp\/v2\/pages"}],"about":[{"href":"https:\/\/portal.aepjm.pt\/index.php?rest_route=\/wp\/v2\/types\/page"}],"author":[{"embeddable":true,"href":"https:\/\/portal.aepjm.pt\/index.php?rest_route=\/wp\/v2\/users\/1"}],"replies":[{"embeddable":true,"href":"https:\/\/portal.aepjm.pt\/index.php?rest_route=%2Fwp%2Fv2%2Fcomments&post=3581"}],"version-history":[{"count":20,"href":"https:\/\/portal.aepjm.pt\/index.php?rest_route=\/wp\/v2\/pages\/3581\/revisions"}],"predecessor-version":[{"id":5598,"href":"https:\/\/portal.aepjm.pt\/index.php?rest_route=\/wp\/v2\/pages\/3581\/revisions\/5598"}],"wp:attachment":[{"href":"https:\/\/portal.aepjm.pt\/index.php?rest_route=%2Fwp%2Fv2%2Fmedia&parent=3581"}],"curies":[{"name":"wp","href":"https:\/\/api.w.org\/{rel}","templated":true}]}}