{"id":3567,"date":"2021-04-22T11:48:28","date_gmt":"2021-04-22T11:48:28","guid":{"rendered":"https:\/\/portal.aepjm.pt\/?page_id=3567"},"modified":"2022-04-12T14:35:39","modified_gmt":"2022-04-12T14:35:39","slug":"iniciacao-a-robotica","status":"publish","type":"page","link":"https:\/\/portal.aepjm.pt\/?page_id=3567","title":{"rendered":"Inicia\u00e7\u00e3o \u00e0 Rob\u00f3tica"},"content":{"rendered":"\n<p>Depois da experi\u00eancia na <strong>programa\u00e7\u00e3o por blocos SCRATCH<\/strong>, todos os alunos do 4.\u00ba ano est\u00e3o a iniciar, neste per\u00edodo, a programa\u00e7\u00e3o por blocos de pequenos <strong>rob\u00f4s &#8220;mBot&#8221;<\/strong>.<\/p>\n\n\n\n<figure class=\"wp-block-embed is-type-video is-provider-youtube wp-block-embed-youtube wp-embed-aspect-16-9 wp-has-aspect-ratio\"><div class=\"wp-block-embed__wrapper\">\n<iframe loading=\"lazy\" title=\"Inicia\u00e7\u00e3o \u00e0 Rob\u00f3tica\" width=\"640\" height=\"360\" src=\"https:\/\/www.youtube.com\/embed\/IIO_cBUwWTI?feature=oembed\" frameborder=\"0\" allow=\"accelerometer; autoplay; clipboard-write; encrypted-media; gyroscope; picture-in-picture; web-share\" referrerpolicy=\"strict-origin-when-cross-origin\" allowfullscreen><\/iframe>\n<\/div><\/figure>\n\n\n\n<figure class=\"wp-block-gallery aligncenter columns-3 is-cropped wp-block-gallery-1 is-layout-flex wp-block-gallery-is-layout-flex\"><ul class=\"blocks-gallery-grid\"><li class=\"blocks-gallery-item\"><figure><img loading=\"lazy\" decoding=\"async\" width=\"1024\" height=\"768\" src=\"https:\/\/portal.aepjm.pt\/wp-content\/uploads\/2021\/04\/Iniciacao-a-Robotica-2-1024x768.jpg\" alt=\"\" data-id=\"3568\" data-full-url=\"https:\/\/portal.aepjm.pt\/wp-content\/uploads\/2021\/04\/Iniciacao-a-Robotica-2.jpg\" data-link=\"https:\/\/portal.aepjm.pt\/?attachment_id=3568\" class=\"wp-image-3568\" srcset=\"https:\/\/portal.aepjm.pt\/wp-content\/uploads\/2021\/04\/Iniciacao-a-Robotica-2-1024x768.jpg 1024w, https:\/\/portal.aepjm.pt\/wp-content\/uploads\/2021\/04\/Iniciacao-a-Robotica-2-300x225.jpg 300w, https:\/\/portal.aepjm.pt\/wp-content\/uploads\/2021\/04\/Iniciacao-a-Robotica-2-768x576.jpg 768w, https:\/\/portal.aepjm.pt\/wp-content\/uploads\/2021\/04\/Iniciacao-a-Robotica-2.jpg 1280w\" sizes=\"auto, (max-width: 1024px) 100vw, 1024px\" \/><\/figure><\/li><li class=\"blocks-gallery-item\"><figure><img loading=\"lazy\" decoding=\"async\" width=\"1024\" height=\"768\" src=\"https:\/\/portal.aepjm.pt\/wp-content\/uploads\/2021\/04\/Iniciacao-a-Robotica-3-1024x768.jpg\" alt=\"\" data-id=\"3569\" data-full-url=\"https:\/\/portal.aepjm.pt\/wp-content\/uploads\/2021\/04\/Iniciacao-a-Robotica-3.jpg\" data-link=\"https:\/\/portal.aepjm.pt\/?attachment_id=3569\" class=\"wp-image-3569\" srcset=\"https:\/\/portal.aepjm.pt\/wp-content\/uploads\/2021\/04\/Iniciacao-a-Robotica-3-1024x768.jpg 1024w, https:\/\/portal.aepjm.pt\/wp-content\/uploads\/2021\/04\/Iniciacao-a-Robotica-3-300x225.jpg 300w, https:\/\/portal.aepjm.pt\/wp-content\/uploads\/2021\/04\/Iniciacao-a-Robotica-3-768x576.jpg 768w, https:\/\/portal.aepjm.pt\/wp-content\/uploads\/2021\/04\/Iniciacao-a-Robotica-3.jpg 1280w\" sizes=\"auto, (max-width: 1024px) 100vw, 1024px\" \/><\/figure><\/li><li class=\"blocks-gallery-item\"><figure><img loading=\"lazy\" decoding=\"async\" width=\"1024\" height=\"768\" src=\"https:\/\/portal.aepjm.pt\/wp-content\/uploads\/2021\/04\/Iniciacao-a-Robotica-1024x768.jpg\" alt=\"\" data-id=\"3570\" data-full-url=\"https:\/\/portal.aepjm.pt\/wp-content\/uploads\/2021\/04\/Iniciacao-a-Robotica.jpg\" data-link=\"https:\/\/portal.aepjm.pt\/?attachment_id=3570\" class=\"wp-image-3570\" srcset=\"https:\/\/portal.aepjm.pt\/wp-content\/uploads\/2021\/04\/Iniciacao-a-Robotica-1024x768.jpg 1024w, https:\/\/portal.aepjm.pt\/wp-content\/uploads\/2021\/04\/Iniciacao-a-Robotica-300x225.jpg 300w, https:\/\/portal.aepjm.pt\/wp-content\/uploads\/2021\/04\/Iniciacao-a-Robotica-768x576.jpg 768w, https:\/\/portal.aepjm.pt\/wp-content\/uploads\/2021\/04\/Iniciacao-a-Robotica.jpg 1280w\" sizes=\"auto, (max-width: 1024px) 100vw, 1024px\" \/><\/figure><\/li><li class=\"blocks-gallery-item\"><figure><img loading=\"lazy\" decoding=\"async\" width=\"1024\" height=\"768\" src=\"https:\/\/portal.aepjm.pt\/wp-content\/uploads\/2021\/04\/Iniciacao-a-Robotica-1-1024x768.jpg\" alt=\"\" data-id=\"3571\" data-full-url=\"https:\/\/portal.aepjm.pt\/wp-content\/uploads\/2021\/04\/Iniciacao-a-Robotica-1.jpg\" data-link=\"https:\/\/portal.aepjm.pt\/?attachment_id=3571\" class=\"wp-image-3571\" srcset=\"https:\/\/portal.aepjm.pt\/wp-content\/uploads\/2021\/04\/Iniciacao-a-Robotica-1-1024x768.jpg 1024w, https:\/\/portal.aepjm.pt\/wp-content\/uploads\/2021\/04\/Iniciacao-a-Robotica-1-300x225.jpg 300w, https:\/\/portal.aepjm.pt\/wp-content\/uploads\/2021\/04\/Iniciacao-a-Robotica-1-768x576.jpg 768w, https:\/\/portal.aepjm.pt\/wp-content\/uploads\/2021\/04\/Iniciacao-a-Robotica-1.jpg 1280w\" sizes=\"auto, (max-width: 1024px) 100vw, 1024px\" \/><\/figure><\/li><li class=\"blocks-gallery-item\"><figure><img loading=\"lazy\" decoding=\"async\" width=\"1024\" height=\"768\" src=\"https:\/\/portal.aepjm.pt\/wp-content\/uploads\/2021\/04\/Iniciacao-a-Robotica-4-1024x768.jpg\" alt=\"\" data-id=\"3572\" data-full-url=\"https:\/\/portal.aepjm.pt\/wp-content\/uploads\/2021\/04\/Iniciacao-a-Robotica-4.jpg\" data-link=\"https:\/\/portal.aepjm.pt\/?attachment_id=3572\" class=\"wp-image-3572\" srcset=\"https:\/\/portal.aepjm.pt\/wp-content\/uploads\/2021\/04\/Iniciacao-a-Robotica-4-1024x768.jpg 1024w, https:\/\/portal.aepjm.pt\/wp-content\/uploads\/2021\/04\/Iniciacao-a-Robotica-4-300x225.jpg 300w, https:\/\/portal.aepjm.pt\/wp-content\/uploads\/2021\/04\/Iniciacao-a-Robotica-4-768x576.jpg 768w, https:\/\/portal.aepjm.pt\/wp-content\/uploads\/2021\/04\/Iniciacao-a-Robotica-4.jpg 1280w\" sizes=\"auto, (max-width: 1024px) 100vw, 1024px\" \/><\/figure><\/li><\/ul><\/figure>\n\n\n\n<figure class=\"wp-block-embed is-type-wp-embed is-provider-aepjm wp-block-embed-aepjm\"><div class=\"wp-block-embed__wrapper\">\n<blockquote class=\"wp-embedded-content\" data-secret=\"NDpgrSL6x3\"><a href=\"https:\/\/portal.aepjm.pt\/?p=4671\">Mbot e Microbit no 1.\u00ba Ciclo<\/a><\/blockquote><iframe loading=\"lazy\" class=\"wp-embedded-content\" sandbox=\"allow-scripts\" security=\"restricted\" style=\"position: absolute; clip: rect(1px, 1px, 1px, 1px);\" title=\"&#8220;Mbot e Microbit no 1.\u00ba Ciclo&#8221; &#8212; AEPJM\" src=\"https:\/\/portal.aepjm.pt\/?p=4671&#038;embed=true#?secret=CJyKkkFGxH#?secret=NDpgrSL6x3\" data-secret=\"NDpgrSL6x3\" width=\"600\" height=\"338\" frameborder=\"0\" marginwidth=\"0\" marginheight=\"0\" scrolling=\"no\"><\/iframe>\n<\/div><\/figure>\n\n\n\n<figure class=\"wp-block-embed is-type-wp-embed is-provider-aepjm wp-block-embed-aepjm\"><div class=\"wp-block-embed__wrapper\">\n<blockquote class=\"wp-embedded-content\" data-secret=\"UeNtfKpwUX\"><a href=\"https:\/\/portal.aepjm.pt\/?p=5226\">A programar o Rob\u00f4 mBot na EB n.\u00ba4<\/a><\/blockquote><iframe loading=\"lazy\" class=\"wp-embedded-content\" sandbox=\"allow-scripts\" security=\"restricted\" style=\"position: absolute; clip: rect(1px, 1px, 1px, 1px);\" title=\"&#8220;A programar o Rob\u00f4 mBot na EB n.\u00ba4&#8221; &#8212; AEPJM\" src=\"https:\/\/portal.aepjm.pt\/?p=5226&#038;embed=true#?secret=CWn9naE39e#?secret=UeNtfKpwUX\" data-secret=\"UeNtfKpwUX\" width=\"600\" height=\"338\" frameborder=\"0\" marginwidth=\"0\" marginheight=\"0\" scrolling=\"no\"><\/iframe>\n<\/div><\/figure>\n\n\n\n<figure class=\"wp-block-embed is-type-wp-embed is-provider-aepjm wp-block-embed-aepjm\"><div class=\"wp-block-embed__wrapper\">\n<blockquote class=\"wp-embedded-content\" data-secret=\"Z2026ejnMx\"><a href=\"https:\/\/portal.aepjm.pt\/?p=5243\">Jogo do Arame com MicroBit<\/a><\/blockquote><iframe loading=\"lazy\" class=\"wp-embedded-content\" sandbox=\"allow-scripts\" security=\"restricted\" style=\"position: absolute; clip: rect(1px, 1px, 1px, 1px);\" title=\"&#8220;Jogo do Arame com MicroBit&#8221; &#8212; AEPJM\" src=\"https:\/\/portal.aepjm.pt\/?p=5243&#038;embed=true#?secret=4HwhDDwINM#?secret=Z2026ejnMx\" data-secret=\"Z2026ejnMx\" width=\"600\" height=\"338\" frameborder=\"0\" marginwidth=\"0\" marginheight=\"0\" scrolling=\"no\"><\/iframe>\n<\/div><\/figure>\n\n\n\n<figure class=\"wp-block-embed is-type-wp-embed is-provider-aepjm wp-block-embed-aepjm\"><div class=\"wp-block-embed__wrapper\">\n<blockquote class=\"wp-embedded-content\" data-secret=\"xtWjyIDhMo\"><a href=\"https:\/\/portal.aepjm.pt\/?p=5256\">Animal de estima\u00e7\u00e3o virtual<\/a><\/blockquote><iframe loading=\"lazy\" class=\"wp-embedded-content\" sandbox=\"allow-scripts\" security=\"restricted\" style=\"position: absolute; clip: rect(1px, 1px, 1px, 1px);\" title=\"&#8220;Animal de estima\u00e7\u00e3o virtual&#8221; &#8212; AEPJM\" src=\"https:\/\/portal.aepjm.pt\/?p=5256&#038;embed=true#?secret=NLFK98ZonR#?secret=xtWjyIDhMo\" data-secret=\"xtWjyIDhMo\" width=\"600\" height=\"338\" frameborder=\"0\" marginwidth=\"0\" marginheight=\"0\" scrolling=\"no\"><\/iframe>\n<\/div><\/figure>\n\n\n\n<figure class=\"wp-block-embed is-type-wp-embed is-provider-aepjm wp-block-embed-aepjm\"><div class=\"wp-block-embed__wrapper\">\n<blockquote class=\"wp-embedded-content\" data-secret=\"OMAbK9lrhU\"><a href=\"https:\/\/portal.aepjm.pt\/?p=5292\">Constru\u00e7\u00e3o e programa\u00e7\u00e3o de &#8220;Sat\u00e9lite&#8221;<\/a><\/blockquote><iframe loading=\"lazy\" class=\"wp-embedded-content\" sandbox=\"allow-scripts\" security=\"restricted\" style=\"position: absolute; clip: rect(1px, 1px, 1px, 1px);\" title=\"&#8220;Constru\u00e7\u00e3o e programa\u00e7\u00e3o de &#8220;Sat\u00e9lite&#8221;&#8221; &#8212; AEPJM\" src=\"https:\/\/portal.aepjm.pt\/?p=5292&#038;embed=true#?secret=v08xVrjh0H#?secret=OMAbK9lrhU\" data-secret=\"OMAbK9lrhU\" width=\"600\" height=\"338\" frameborder=\"0\" marginwidth=\"0\" marginheight=\"0\" scrolling=\"no\"><\/iframe>\n<\/div><\/figure>\n","protected":false},"excerpt":{"rendered":"<p>Depois da experi\u00eancia na programa\u00e7\u00e3o por blocos SCRATCH, todos os alunos do 4.\u00ba ano est\u00e3o a iniciar, neste per\u00edodo, a programa\u00e7\u00e3o por blocos de pequenos rob\u00f4s &#8220;mBot&#8221;.<\/p>\n","protected":false},"author":1,"featured_media":0,"parent":0,"menu_order":0,"comment_status":"closed","ping_status":"closed","template":"","meta":{"_exactmetrics_skip_tracking":false,"_exactmetrics_sitenote_active":false,"_exactmetrics_sitenote_note":"","_exactmetrics_sitenote_category":0,"footnotes":""},"class_list":["post-3567","page","type-page","status-publish","hentry"],"_links":{"self":[{"href":"https:\/\/portal.aepjm.pt\/index.php?rest_route=\/wp\/v2\/pages\/3567","targetHints":{"allow":["GET"]}}],"collection":[{"href":"https:\/\/portal.aepjm.pt\/index.php?rest_route=\/wp\/v2\/pages"}],"about":[{"href":"https:\/\/portal.aepjm.pt\/index.php?rest_route=\/wp\/v2\/types\/page"}],"author":[{"embeddable":true,"href":"https:\/\/portal.aepjm.pt\/index.php?rest_route=\/wp\/v2\/users\/1"}],"replies":[{"embeddable":true,"href":"https:\/\/portal.aepjm.pt\/index.php?rest_route=%2Fwp%2Fv2%2Fcomments&post=3567"}],"version-history":[{"count":7,"href":"https:\/\/portal.aepjm.pt\/index.php?rest_route=\/wp\/v2\/pages\/3567\/revisions"}],"predecessor-version":[{"id":5294,"href":"https:\/\/portal.aepjm.pt\/index.php?rest_route=\/wp\/v2\/pages\/3567\/revisions\/5294"}],"wp:attachment":[{"href":"https:\/\/portal.aepjm.pt\/index.php?rest_route=%2Fwp%2Fv2%2Fmedia&parent=3567"}],"curies":[{"name":"wp","href":"https:\/\/api.w.org\/{rel}","templated":true}]}}