{"id":3551,"date":"2021-04-22T11:33:46","date_gmt":"2021-04-22T11:33:46","guid":{"rendered":"https:\/\/portal.aepjm.pt\/?page_id=3551"},"modified":"2021-04-22T11:33:47","modified_gmt":"2021-04-22T11:33:47","slug":"missao-zero","status":"publish","type":"page","link":"https:\/\/portal.aepjm.pt\/?page_id=3551","title":{"rendered":"&#8220;Miss\u00e3o Zero&#8221;"},"content":{"rendered":"\n<div class=\"wp-block-group\"><div class=\"wp-block-group__inner-container is-layout-flow wp-block-group-is-layout-flow\">\n<div id=\"section-g3a49fe\" class=\"wp-block-gutentor-e6 section-g3a49fe gutentor-element gutentor-element-image text-align-center-desktop\"><div class=\"gutentor-element-image-box\"><div class=\"gutentor-bg-image\"><\/div><\/div><\/div>\n\n\n\n<div style=\"height:28px\" aria-hidden=\"true\" class=\"wp-block-spacer\"><\/div>\n\n\n\n<p><\/p>\n<\/div><\/div>\n\n\n\n<p>Atividade lan\u00e7ada pela&nbsp;lan\u00e7ada pela <strong>ESA (European Space Agency)<\/strong>, onde&nbsp;os alunos realizaram<strong> atividades&nbsp;de programa\u00e7\u00e3o em linguagem &#8220;Python&#8221;<\/strong>,&nbsp;com o objetivo de enviar uma mensagem aos astronautas na <strong>Esta\u00e7\u00e3o Espacial Internacional<\/strong>. Os alunos aprenderam ainda a <strong>programar o sensor de temperatura de uma placa &#8220;Astro Pi&#8221;<\/strong> com um &#8220;SenseHat display&#8221; para descobrirem a temperatura a bordo da <strong>Esta\u00e7\u00e3o Espacial<\/strong>.<\/p>\n\n\n\n<figure class=\"wp-block-embed aligncenter is-type-video is-provider-youtube wp-block-embed-youtube wp-embed-aspect-16-9 wp-has-aspect-ratio\"><div class=\"wp-block-embed__wrapper\">\n<iframe loading=\"lazy\" title=\"ESA Mission Zero\" width=\"640\" height=\"360\" src=\"https:\/\/www.youtube.com\/embed\/Mu2PdxJAkGQ?feature=oembed\" frameborder=\"0\" allow=\"accelerometer; autoplay; clipboard-write; encrypted-media; gyroscope; picture-in-picture; web-share\" referrerpolicy=\"strict-origin-when-cross-origin\" allowfullscreen><\/iframe>\n<\/div><\/figure>\n","protected":false},"excerpt":{"rendered":"<p>Atividade lan\u00e7ada pela&nbsp;lan\u00e7ada pela ESA (European Space Agency), onde&nbsp;os alunos realizaram atividades&nbsp;de programa\u00e7\u00e3o em linguagem &#8220;Python&#8221;,&nbsp;com o objetivo de enviar uma mensagem aos astronautas na Esta\u00e7\u00e3o Espacial Internacional. Os alunos aprenderam ainda a programar o sensor de temperatura de uma placa &#8220;Astro Pi&#8221; com um &#8220;SenseHat display&#8221; para descobrirem a temperatura a bordo da Esta\u00e7\u00e3o [&hellip;]<\/p>\n","protected":false},"author":1,"featured_media":0,"parent":0,"menu_order":0,"comment_status":"closed","ping_status":"closed","template":"","meta":{"_exactmetrics_skip_tracking":false,"_exactmetrics_sitenote_active":false,"_exactmetrics_sitenote_note":"","_exactmetrics_sitenote_category":0,"footnotes":""},"class_list":["post-3551","page","type-page","status-publish","hentry"],"_links":{"self":[{"href":"https:\/\/portal.aepjm.pt\/index.php?rest_route=\/wp\/v2\/pages\/3551","targetHints":{"allow":["GET"]}}],"collection":[{"href":"https:\/\/portal.aepjm.pt\/index.php?rest_route=\/wp\/v2\/pages"}],"about":[{"href":"https:\/\/portal.aepjm.pt\/index.php?rest_route=\/wp\/v2\/types\/page"}],"author":[{"embeddable":true,"href":"https:\/\/portal.aepjm.pt\/index.php?rest_route=\/wp\/v2\/users\/1"}],"replies":[{"embeddable":true,"href":"https:\/\/portal.aepjm.pt\/index.php?rest_route=%2Fwp%2Fv2%2Fcomments&post=3551"}],"version-history":[{"count":12,"href":"https:\/\/portal.aepjm.pt\/index.php?rest_route=\/wp\/v2\/pages\/3551\/revisions"}],"predecessor-version":[{"id":3565,"href":"https:\/\/portal.aepjm.pt\/index.php?rest_route=\/wp\/v2\/pages\/3551\/revisions\/3565"}],"wp:attachment":[{"href":"https:\/\/portal.aepjm.pt\/index.php?rest_route=%2Fwp%2Fv2%2Fmedia&parent=3551"}],"curies":[{"name":"wp","href":"https:\/\/api.w.org\/{rel}","templated":true}]}}