{"id":10148,"date":"2025-12-15T15:02:31","date_gmt":"2025-12-15T15:02:31","guid":{"rendered":"https:\/\/portal.aepjm.pt\/?page_id=10148"},"modified":"2026-04-30T14:04:45","modified_gmt":"2026-04-30T14:04:45","slug":"atividades-do-agrupamento-4","status":"publish","type":"page","link":"https:\/\/portal.aepjm.pt\/?page_id=10148","title":{"rendered":"Atividades do Agrupamento"},"content":{"rendered":"\n<div style=\"height:59px\" aria-hidden=\"true\" class=\"wp-block-spacer\"><\/div>\n\n\n\n<h2 class=\"wp-block-heading has-text-align-center has-text-color\" style=\"color:#1171f8;font-size:32px\"><strong>Ano Letivo 2025-2026<\/strong><\/h2>\n\n\n\n<div style=\"height:59px\" aria-hidden=\"true\" class=\"wp-block-spacer\"><\/div>\n\n\n\n<figure class=\"wp-block-embed is-type-wp-embed is-provider-aepjm wp-block-embed-aepjm\"><div class=\"wp-block-embed__wrapper\">\n<blockquote class=\"wp-embedded-content\" data-secret=\"ICNtU8QSOL\"><a href=\"https:\/\/portal.aepjm.pt\/?p=10403\">Dia Internacional da Dan\u00e7a<\/a><\/blockquote><iframe loading=\"lazy\" class=\"wp-embedded-content\" sandbox=\"allow-scripts\" security=\"restricted\" style=\"position: absolute; visibility: hidden;\" title=\"&#8220;Dia Internacional da Dan\u00e7a&#8221; &#8212; AEPJM\" src=\"https:\/\/portal.aepjm.pt\/?p=10403&#038;embed=true#?secret=UYaIQot3tf#?secret=ICNtU8QSOL\" data-secret=\"ICNtU8QSOL\" width=\"600\" height=\"338\" frameborder=\"0\" marginwidth=\"0\" marginheight=\"0\" scrolling=\"no\"><\/iframe>\n<\/div><\/figure>\n\n\n\n<figure class=\"wp-block-embed is-type-wp-embed is-provider-aepjm wp-block-embed-aepjm\"><div class=\"wp-block-embed__wrapper\">\n<blockquote class=\"wp-embedded-content\" data-secret=\"b8BllLY7Rm\"><a href=\"https:\/\/portal.aepjm.pt\/?p=10171\">Articula\u00e7\u00e3o Pr\u00e9-Escolar e 1.\u00ba ano da Escola B\u00e1sica da Quinta da Vala<\/a><\/blockquote><iframe loading=\"lazy\" class=\"wp-embedded-content\" sandbox=\"allow-scripts\" security=\"restricted\" style=\"position: absolute; visibility: hidden;\" title=\"&#8220;Articula\u00e7\u00e3o Pr\u00e9-Escolar e 1.\u00ba ano da Escola B\u00e1sica da Quinta da Vala&#8221; &#8212; AEPJM\" src=\"https:\/\/portal.aepjm.pt\/?p=10171&#038;embed=true#?secret=5Qgz2yBtSa#?secret=b8BllLY7Rm\" data-secret=\"b8BllLY7Rm\" width=\"600\" height=\"338\" frameborder=\"0\" marginwidth=\"0\" marginheight=\"0\" scrolling=\"no\"><\/iframe>\n<\/div><\/figure>\n\n\n\n<figure class=\"wp-block-embed is-type-wp-embed is-provider-aepjm wp-block-embed-aepjm\"><div class=\"wp-block-embed__wrapper\">\n<blockquote class=\"wp-embedded-content\" data-secret=\"HcexVkzwmV\"><a href=\"https:\/\/portal.aepjm.pt\/?p=10165\">Natal Solid\u00e1rio na Escola B\u00e1sica Quinta da Vala<\/a><\/blockquote><iframe loading=\"lazy\" class=\"wp-embedded-content\" sandbox=\"allow-scripts\" security=\"restricted\" style=\"position: absolute; visibility: hidden;\" title=\"&#8220;Natal Solid\u00e1rio na Escola B\u00e1sica Quinta da Vala&#8221; &#8212; AEPJM\" src=\"https:\/\/portal.aepjm.pt\/?p=10165&#038;embed=true#?secret=mxQGSo1isf#?secret=HcexVkzwmV\" data-secret=\"HcexVkzwmV\" width=\"600\" height=\"338\" frameborder=\"0\" marginwidth=\"0\" marginheight=\"0\" scrolling=\"no\"><\/iframe>\n<\/div><\/figure>\n\n\n\n<figure class=\"wp-block-embed aligncenter is-type-wp-embed is-provider-aepjm wp-block-embed-aepjm\"><div class=\"wp-block-embed__wrapper\">\n<blockquote class=\"wp-embedded-content\" data-secret=\"80iIHvy2fB\"><a href=\"https:\/\/portal.aepjm.pt\/?p=10150\">Natal em Franc\u00eas na EB Pedro Jacques Magalh\u00e3es<\/a><\/blockquote><iframe loading=\"lazy\" class=\"wp-embedded-content\" sandbox=\"allow-scripts\" security=\"restricted\" style=\"position: absolute; visibility: hidden;\" title=\"&#8220;Natal em Franc\u00eas na EB Pedro Jacques Magalh\u00e3es&#8221; &#8212; AEPJM\" src=\"https:\/\/portal.aepjm.pt\/?p=10150&#038;embed=true#?secret=U7FVz04gn8#?secret=80iIHvy2fB\" data-secret=\"80iIHvy2fB\" width=\"600\" height=\"338\" frameborder=\"0\" marginwidth=\"0\" marginheight=\"0\" scrolling=\"no\"><\/iframe>\n<\/div><\/figure>\n","protected":false},"excerpt":{"rendered":"<p>Ano Letivo 2025-2026<\/p>\n","protected":false},"author":1,"featured_media":0,"parent":0,"menu_order":0,"comment_status":"closed","ping_status":"closed","template":"","meta":{"_exactmetrics_skip_tracking":false,"_exactmetrics_sitenote_active":false,"_exactmetrics_sitenote_note":"","_exactmetrics_sitenote_category":0,"footnotes":""},"class_list":["post-10148","page","type-page","status-publish","hentry"],"_links":{"self":[{"href":"https:\/\/portal.aepjm.pt\/index.php?rest_route=\/wp\/v2\/pages\/10148","targetHints":{"allow":["GET"]}}],"collection":[{"href":"https:\/\/portal.aepjm.pt\/index.php?rest_route=\/wp\/v2\/pages"}],"about":[{"href":"https:\/\/portal.aepjm.pt\/index.php?rest_route=\/wp\/v2\/types\/page"}],"author":[{"embeddable":true,"href":"https:\/\/portal.aepjm.pt\/index.php?rest_route=\/wp\/v2\/users\/1"}],"replies":[{"embeddable":true,"href":"https:\/\/portal.aepjm.pt\/index.php?rest_route=%2Fwp%2Fv2%2Fcomments&post=10148"}],"version-history":[{"count":11,"href":"https:\/\/portal.aepjm.pt\/index.php?rest_route=\/wp\/v2\/pages\/10148\/revisions"}],"predecessor-version":[{"id":10407,"href":"https:\/\/portal.aepjm.pt\/index.php?rest_route=\/wp\/v2\/pages\/10148\/revisions\/10407"}],"wp:attachment":[{"href":"https:\/\/portal.aepjm.pt\/index.php?rest_route=%2Fwp%2Fv2%2Fmedia&parent=10148"}],"curies":[{"name":"wp","href":"https:\/\/api.w.org\/{rel}","templated":true}]}}